{"id":2821,"date":"2023-11-23T14:50:32","date_gmt":"2023-11-23T10:50:32","guid":{"rendered":"https:\/\/bakuautomation.com\/demo\/?page_id=2821"},"modified":"2026-04-14T14:21:32","modified_gmt":"2026-04-14T10:21:32","slug":"biz-kimik","status":"publish","type":"page","link":"https:\/\/bakuautomation.com\/en\/biz-kimik\/","title":{"rendered":"Who We Are"},"content":{"rendered":"<div data-elementor-type=\"wp-page\" data-elementor-id=\"2821\" class=\"elementor elementor-2821\" data-elementor-post-type=\"page\">\n\t\t\t\t<div class=\"elementor-element elementor-element-6542446 e-con-full e-flex wpr-particle-no wpr-jarallax-no wpr-parallax-no wpr-sticky-section-no e-con e-parent\" data-id=\"6542446\" data-element_type=\"container\" data-e-type=\"container\" data-settings=\"{&quot;background_background&quot;:&quot;classic&quot;}\">\n\t\t\t\t<div class=\"elementor-element elementor-element-03f08ae elementor-widget elementor-widget-heading\" data-id=\"03f08ae\" data-element_type=\"widget\" data-e-type=\"widget\" data-widget_type=\"heading.default\">\n\t\t\t\t<div class=\"elementor-widget-container\">\n\t\t\t\t\t<h2 class=\"elementor-heading-title elementor-size-default\">Who We Are<\/h2>\t\t\t\t<\/div>\n\t\t\t\t<\/div>\n\t\t\t\t<\/div>\n\t\t<div class=\"elementor-element elementor-element-023c57d e-flex e-con-boxed wpr-particle-no wpr-jarallax-no wpr-parallax-no wpr-sticky-section-no e-con e-parent\" data-id=\"023c57d\" data-element_type=\"container\" data-e-type=\"container\">\n\t\t\t\t\t<div class=\"e-con-inner\">\n\t\t\t\t<div class=\"elementor-element elementor-element-ec0ad22 elementor-widget elementor-widget-text-editor\" data-id=\"ec0ad22\" data-element_type=\"widget\" data-e-type=\"widget\" data-widget_type=\"text-editor.default\">\n\t\t\t\t<div class=\"elementor-widget-container\">\n\t\t\t\t\t\t\t\t\t<p class=\"p1\">Baku Automation and Construction Group has been operating since 2013 and has contributed to many local construction projects. The company has expanded its activities beyond Azerbaijan and is also involved in projects in Georgia and Kazakhstan that play a significant role in the socio-economic development of these countries.<\/p><p class=\"p1\">The team is inspired by the attention and care of the President in the country and tries to properly fulfill the mission. The company guides the principles of mutual respect and confidence among all participants of the business process, including customers, customers, partners, financial institutions and employees. The company strongly believes that the road to success is undergoing effective cooperation based on mutual understanding. Taking this into account, the company is determined to monitor advanced strategic development vectors in its future activities, implement advanced practices in the work of existing realities and opportunities and thus actively participate in the development of the local and foreign construction sector.<\/p>\t\t\t\t\t\t\t\t<\/div>\n\t\t\t\t<\/div>\n\t\t\t\t\t<\/div>\n\t\t\t\t<\/div>\n\t\t\t\t<\/div>","protected":false},"excerpt":{"rendered":"<p>Biz Kimik? Bak\u0131 Avtomatla\u015fd\u0131rma v\u0259 Tikinti Qrupu 2013-c\u00fc ild\u0259n f\u0259aliyy\u0259t g\u00f6st\u0259rir v\u0259 bir \u00e7ox yerli tikinti layih\u0259l\u0259rin\u0259 t\u00f6hf\u0259 verib. \u015eirk\u0259t \u00f6z f\u0259aliyy\u0259tini Az\u0259rbaycandan k\u0259narda da geni\u015fl\u0259ndirib h\u0259m d\u0259 G\u00fcrc\u00fcstan v\u0259&hellip;<\/p>","protected":false},"author":1,"featured_media":0,"parent":0,"menu_order":0,"comment_status":"closed","ping_status":"closed","template":"page-templates\/template-sinatra-fullwidth.php","meta":{"nf_dc_page":"","footnotes":""},"class_list":["post-2821","page","type-page","status-publish","hentry"],"yoast_head":"<!-- This site is optimized with the Yoast SEO plugin v27.2 - https:\/\/yoast.com\/product\/yoast-seo-wordpress\/ -->\n<title>Biz Kimik - BakuAutomation<\/title>\n<meta name=\"robots\" content=\"index, follow, max-snippet:-1, max-image-preview:large, max-video-preview:-1\" \/>\n<link rel=\"canonical\" href=\"https:\/\/bakuautomation.com\/en\/biz-kimik\/\" \/>\n<meta property=\"og:locale\" content=\"en_US\" \/>\n<meta property=\"og:type\" content=\"article\" \/>\n<meta property=\"og:title\" content=\"Biz Kimik - BakuAutomation\" \/>\n<meta property=\"og:description\" content=\"Biz Kimik? Bak\u0131 Avtomatla\u015fd\u0131rma v\u0259 Tikinti Qrupu 2013-c\u00fc ild\u0259n f\u0259aliyy\u0259t g\u00f6st\u0259rir v\u0259 bir \u00e7ox yerli tikinti layih\u0259l\u0259rin\u0259 t\u00f6hf\u0259 verib. \u015eirk\u0259t \u00f6z f\u0259aliyy\u0259tini Az\u0259rbaycandan k\u0259narda da geni\u015fl\u0259ndirib h\u0259m d\u0259 G\u00fcrc\u00fcstan v\u0259&hellip;\" \/>\n<meta property=\"og:url\" content=\"https:\/\/bakuautomation.com\/en\/biz-kimik\/\" \/>\n<meta property=\"og:site_name\" content=\"BakuAutomation\" \/>\n<meta property=\"article:modified_time\" content=\"2026-04-14T10:21:32+00:00\" \/>\n<meta name=\"twitter:card\" content=\"summary_large_image\" \/>\n<meta name=\"twitter:label1\" content=\"Est. reading time\" \/>\n\t<meta name=\"twitter:data1\" content=\"1 minute\" \/>\n<script type=\"application\/ld+json\" class=\"yoast-schema-graph\">{\"@context\":\"https:\/\/schema.org\",\"@graph\":[{\"@type\":\"WebPage\",\"@id\":\"https:\/\/bakuautomation.com\/biz-kimik\/\",\"url\":\"https:\/\/bakuautomation.com\/biz-kimik\/\",\"name\":\"Biz Kimik - BakuAutomation\",\"isPartOf\":{\"@id\":\"https:\/\/bakuautomation.com\/#website\"},\"datePublished\":\"2023-11-23T10:50:32+00:00\",\"dateModified\":\"2026-04-14T10:21:32+00:00\",\"breadcrumb\":{\"@id\":\"https:\/\/bakuautomation.com\/biz-kimik\/#breadcrumb\"},\"inLanguage\":\"en-US\",\"potentialAction\":[{\"@type\":\"ReadAction\",\"target\":[\"https:\/\/bakuautomation.com\/biz-kimik\/\"]}]},{\"@type\":\"BreadcrumbList\",\"@id\":\"https:\/\/bakuautomation.com\/biz-kimik\/#breadcrumb\",\"itemListElement\":[{\"@type\":\"ListItem\",\"position\":1,\"name\":\"Home\",\"item\":\"https:\/\/bakuautomation.com\/\"},{\"@type\":\"ListItem\",\"position\":2,\"name\":\"Biz Kimik\"}]},{\"@type\":\"WebSite\",\"@id\":\"https:\/\/bakuautomation.com\/#website\",\"url\":\"https:\/\/bakuautomation.com\/\",\"name\":\"BakuAutomation\",\"description\":\"Automation\",\"publisher\":{\"@id\":\"https:\/\/bakuautomation.com\/#organization\"},\"potentialAction\":[{\"@type\":\"SearchAction\",\"target\":{\"@type\":\"EntryPoint\",\"urlTemplate\":\"https:\/\/bakuautomation.com\/?s={search_term_string}\"},\"query-input\":{\"@type\":\"PropertyValueSpecification\",\"valueRequired\":true,\"valueName\":\"search_term_string\"}}],\"inLanguage\":\"en-US\"},{\"@type\":\"Organization\",\"@id\":\"https:\/\/bakuautomation.com\/#organization\",\"name\":\"BakuAutomation\",\"url\":\"https:\/\/bakuautomation.com\/\",\"logo\":{\"@type\":\"ImageObject\",\"inLanguage\":\"en-US\",\"@id\":\"https:\/\/bakuautomation.com\/#\/schema\/logo\/image\/\",\"url\":\"https:\/\/bakuautomation.com\/wp-content\/uploads\/2023\/12\/cropped-bakuauto-logo.png\",\"contentUrl\":\"https:\/\/bakuautomation.com\/wp-content\/uploads\/2023\/12\/cropped-bakuauto-logo.png\",\"width\":2866,\"height\":679,\"caption\":\"BakuAutomation\"},\"image\":{\"@id\":\"https:\/\/bakuautomation.com\/#\/schema\/logo\/image\/\"}}]}<\/script>\n<!-- \/ Yoast SEO plugin. -->","yoast_head_json":{"title":"Biz Kimik - BakuAutomation","robots":{"index":"index","follow":"follow","max-snippet":"max-snippet:-1","max-image-preview":"max-image-preview:large","max-video-preview":"max-video-preview:-1"},"canonical":"https:\/\/bakuautomation.com\/en\/biz-kimik\/","og_locale":"en_US","og_type":"article","og_title":"Biz Kimik - BakuAutomation","og_description":"Biz Kimik? Bak\u0131 Avtomatla\u015fd\u0131rma v\u0259 Tikinti Qrupu 2013-c\u00fc ild\u0259n f\u0259aliyy\u0259t g\u00f6st\u0259rir v\u0259 bir \u00e7ox yerli tikinti layih\u0259l\u0259rin\u0259 t\u00f6hf\u0259 verib. \u015eirk\u0259t \u00f6z f\u0259aliyy\u0259tini Az\u0259rbaycandan k\u0259narda da geni\u015fl\u0259ndirib h\u0259m d\u0259 G\u00fcrc\u00fcstan v\u0259&hellip;","og_url":"https:\/\/bakuautomation.com\/en\/biz-kimik\/","og_site_name":"BakuAutomation","article_modified_time":"2026-04-14T10:21:32+00:00","twitter_card":"summary_large_image","twitter_misc":{"Est. reading time":"1 minute"},"schema":{"@context":"https:\/\/schema.org","@graph":[{"@type":"WebPage","@id":"https:\/\/bakuautomation.com\/biz-kimik\/","url":"https:\/\/bakuautomation.com\/biz-kimik\/","name":"Biz Kimik - BakuAutomation","isPartOf":{"@id":"https:\/\/bakuautomation.com\/#website"},"datePublished":"2023-11-23T10:50:32+00:00","dateModified":"2026-04-14T10:21:32+00:00","breadcrumb":{"@id":"https:\/\/bakuautomation.com\/biz-kimik\/#breadcrumb"},"inLanguage":"en-US","potentialAction":[{"@type":"ReadAction","target":["https:\/\/bakuautomation.com\/biz-kimik\/"]}]},{"@type":"BreadcrumbList","@id":"https:\/\/bakuautomation.com\/biz-kimik\/#breadcrumb","itemListElement":[{"@type":"ListItem","position":1,"name":"Home","item":"https:\/\/bakuautomation.com\/"},{"@type":"ListItem","position":2,"name":"Biz Kimik"}]},{"@type":"WebSite","@id":"https:\/\/bakuautomation.com\/#website","url":"https:\/\/bakuautomation.com\/","name":"BakuAutomation","description":"Automation","publisher":{"@id":"https:\/\/bakuautomation.com\/#organization"},"potentialAction":[{"@type":"SearchAction","target":{"@type":"EntryPoint","urlTemplate":"https:\/\/bakuautomation.com\/?s={search_term_string}"},"query-input":{"@type":"PropertyValueSpecification","valueRequired":true,"valueName":"search_term_string"}}],"inLanguage":"en-US"},{"@type":"Organization","@id":"https:\/\/bakuautomation.com\/#organization","name":"BakuAutomation","url":"https:\/\/bakuautomation.com\/","logo":{"@type":"ImageObject","inLanguage":"en-US","@id":"https:\/\/bakuautomation.com\/#\/schema\/logo\/image\/","url":"https:\/\/bakuautomation.com\/wp-content\/uploads\/2023\/12\/cropped-bakuauto-logo.png","contentUrl":"https:\/\/bakuautomation.com\/wp-content\/uploads\/2023\/12\/cropped-bakuauto-logo.png","width":2866,"height":679,"caption":"BakuAutomation"},"image":{"@id":"https:\/\/bakuautomation.com\/#\/schema\/logo\/image\/"}}]}},"_links":{"self":[{"href":"https:\/\/bakuautomation.com\/en\/wp-json\/wp\/v2\/pages\/2821","targetHints":{"allow":["GET"]}}],"collection":[{"href":"https:\/\/bakuautomation.com\/en\/wp-json\/wp\/v2\/pages"}],"about":[{"href":"https:\/\/bakuautomation.com\/en\/wp-json\/wp\/v2\/types\/page"}],"author":[{"embeddable":true,"href":"https:\/\/bakuautomation.com\/en\/wp-json\/wp\/v2\/users\/1"}],"replies":[{"embeddable":true,"href":"https:\/\/bakuautomation.com\/en\/wp-json\/wp\/v2\/comments?post=2821"}],"version-history":[{"count":5,"href":"https:\/\/bakuautomation.com\/en\/wp-json\/wp\/v2\/pages\/2821\/revisions"}],"predecessor-version":[{"id":3337,"href":"https:\/\/bakuautomation.com\/en\/wp-json\/wp\/v2\/pages\/2821\/revisions\/3337"}],"wp:attachment":[{"href":"https:\/\/bakuautomation.com\/en\/wp-json\/wp\/v2\/media?parent=2821"}],"curies":[{"name":"wp","href":"https:\/\/api.w.org\/{rel}","templated":true}]}}