{"id":2827,"date":"2023-11-23T14:52:12","date_gmt":"2023-11-23T10:52:12","guid":{"rendered":"https:\/\/bakuautomation.com\/demo\/?page_id=2827"},"modified":"2026-04-14T14:21:34","modified_gmt":"2026-04-14T10:21:34","slug":"g%c9%99l%c9%99c%c9%99y%c9%99-baxis-missiyamiz-v%c9%99-d%c9%99y%c9%99rl%c9%99rimiz","status":"publish","type":"page","link":"https:\/\/bakuautomation.com\/en\/g%c9%99l%c9%99c%c9%99y%c9%99-baxis-missiyamiz-v%c9%99-d%c9%99y%c9%99rl%c9%99rimiz\/","title":{"rendered":"Looking to the future, our Mission and Values"},"content":{"rendered":"<div data-elementor-type=\"wp-page\" data-elementor-id=\"2827\" class=\"elementor elementor-2827\" data-elementor-post-type=\"page\">\n\t\t\t\t<div class=\"elementor-element elementor-element-b7480aa e-con-full e-flex wpr-particle-no wpr-jarallax-no wpr-parallax-no wpr-sticky-section-no e-con e-parent\" data-id=\"b7480aa\" data-element_type=\"container\" data-e-type=\"container\" data-settings=\"{&quot;background_background&quot;:&quot;classic&quot;}\">\n\t\t\t\t<div class=\"elementor-element elementor-element-ed36307 elementor-widget elementor-widget-heading\" data-id=\"ed36307\" data-element_type=\"widget\" data-e-type=\"widget\" data-widget_type=\"heading.default\">\n\t\t\t\t<div class=\"elementor-widget-container\">\n\t\t\t\t\t<h2 class=\"elementor-heading-title elementor-size-default\">Looking to the future, our Mission and Values<\/h2>\t\t\t\t<\/div>\n\t\t\t\t<\/div>\n\t\t\t\t<\/div>\n\t\t<div class=\"elementor-element elementor-element-9b063e9 e-flex e-con-boxed wpr-particle-no wpr-jarallax-no wpr-parallax-no wpr-sticky-section-no e-con e-parent\" data-id=\"9b063e9\" data-element_type=\"container\" data-e-type=\"container\">\n\t\t\t\t\t<div class=\"e-con-inner\">\n\t\t\t\t<div class=\"elementor-element elementor-element-71aae46 elementor-widget elementor-widget-text-editor\" data-id=\"71aae46\" data-element_type=\"widget\" data-e-type=\"widget\" data-widget_type=\"text-editor.default\">\n\t\t\t\t<div class=\"elementor-widget-container\">\n\t\t\t\t\t\t\t\t\t<div class=\"pt-60 pb-60 pt-xs-60\"><div class=\"main-content\"><div class=\"container\"><h2>Looking to the future<\/h2><p>\u00a0Baku Automation and Construction Group's vision for the future is to become the leading construction company in our chosen markets, becoming the most attractive company for our potential customers and employees through efficient execution, cost-effectiveness, and world-class technical excellence.<\/p><h2>Our mission<\/h2><p>The main mission of our company is to establish and renew the company's strategy by providing high quality and implementing innovative solutions, as well as providing services to our customers at fair and competitive market prices, in order to maintain a leading position in the construction industry with the support of our professional experts.\u00a0<\/p><h2><strong>Our values<\/strong><\/h2><p><strong>Perfection<\/strong>: We strive for excellence and constantly innovate using cutting-edge technologies.<\/p><p><strong>Teamwork<\/strong>: We expect mutual respect, cooperation, and mutual encouragement to discover the potential of each person.<\/p><p><strong>Accuracy<\/strong>: We conduct our business in a reliable, honest and fair manner.<\/p><p><strong>Commitment<\/strong>: We strive to achieve our goals by using resources in the most efficient way.<\/p><p><strong>Sustainable development<\/strong>: We strive to ensure the protection of all stakeholders, including the health and safety of our employees, the community at large, and the environment, first and foremost.<\/p><p><strong>Responsibility<\/strong>: We take full responsibility for the fulfillment of our duties in accordance with the values \u200b\u200band principles of Baku Automation and Construction Group.<\/p><div class=\"addthis_inline_share_toolbox mt-3\">\u00a0<\/div><\/div><\/div><\/div><footer class=\"footer pt-30 pt-xs-60\"><div class=\"container\"><div class=\"row footer-info __mb-60\"><div class=\"col-lg-3 col-md-4 col-xs-12 mb-sm-30\"><div class=\"icons-hover-black\">\u00a0<\/div><\/div><\/div><\/div><\/footer>\t\t\t\t\t\t\t\t<\/div>\n\t\t\t\t<\/div>\n\t\t\t\t\t<\/div>\n\t\t\t\t<\/div>\n\t\t\t\t<\/div>","protected":false},"excerpt":{"rendered":"<p>G\u0259l\u0259c\u0259y\u0259 Bax\u0131\u015f, Missiyam\u0131z v\u0259 D\u0259y\u0259rl\u0259rimiz G\u0259l\u0259c\u0259y\u0259 bax\u0131\u015f \u00a0\u201cBaku Automation and Construction Group\u201dun g\u0259l\u0259c\u0259y\u0259 bax\u0131\u015f\u0131 se\u00e7diyimiz bazarlarda apar\u0131c\u0131 in\u015faat \u015firk\u0259ti olmaqla s\u0259m\u0259r\u0259li icra, iqtisadi c\u0259h\u0259td\u0259n efektivlik v\u0259 d\u00fcnya s\u0259viyy\u0259li texniki m\u00fck\u0259mm\u0259llik&hellip;<\/p>","protected":false},"author":1,"featured_media":0,"parent":0,"menu_order":0,"comment_status":"closed","ping_status":"closed","template":"page-templates\/template-sinatra-fullwidth.php","meta":{"nf_dc_page":"","footnotes":""},"class_list":["post-2827","page","type-page","status-publish","hentry"],"yoast_head":"<!-- This site is optimized with the Yoast SEO plugin v27.2 - https:\/\/yoast.com\/product\/yoast-seo-wordpress\/ -->\n<title>G\u0259l\u0259c\u0259y\u0259 Bax\u0131\u015f, Missiyam\u0131z v\u0259 D\u0259y\u0259rl\u0259rimiz - BakuAutomation<\/title>\n<meta name=\"robots\" content=\"index, follow, max-snippet:-1, max-image-preview:large, max-video-preview:-1\" \/>\n<link rel=\"canonical\" href=\"https:\/\/bakuautomation.com\/en\/g\u0259l\u0259c\u0259y\u0259-baxis-missiyamiz-v\u0259-d\u0259y\u0259rl\u0259rimiz\/\" \/>\n<meta property=\"og:locale\" content=\"en_US\" \/>\n<meta property=\"og:type\" content=\"article\" \/>\n<meta property=\"og:title\" content=\"G\u0259l\u0259c\u0259y\u0259 Bax\u0131\u015f, Missiyam\u0131z v\u0259 D\u0259y\u0259rl\u0259rimiz - BakuAutomation\" \/>\n<meta property=\"og:description\" content=\"G\u0259l\u0259c\u0259y\u0259 Bax\u0131\u015f, Missiyam\u0131z v\u0259 D\u0259y\u0259rl\u0259rimiz G\u0259l\u0259c\u0259y\u0259 bax\u0131\u015f \u00a0\u201cBaku Automation and Construction Group\u201dun g\u0259l\u0259c\u0259y\u0259 bax\u0131\u015f\u0131 se\u00e7diyimiz bazarlarda apar\u0131c\u0131 in\u015faat \u015firk\u0259ti olmaqla s\u0259m\u0259r\u0259li icra, iqtisadi c\u0259h\u0259td\u0259n efektivlik v\u0259 d\u00fcnya s\u0259viyy\u0259li texniki m\u00fck\u0259mm\u0259llik&hellip;\" \/>\n<meta property=\"og:url\" content=\"https:\/\/bakuautomation.com\/en\/g\u0259l\u0259c\u0259y\u0259-baxis-missiyamiz-v\u0259-d\u0259y\u0259rl\u0259rimiz\/\" \/>\n<meta property=\"og:site_name\" content=\"BakuAutomation\" \/>\n<meta property=\"article:modified_time\" content=\"2026-04-14T10:21:34+00:00\" \/>\n<meta name=\"twitter:card\" content=\"summary_large_image\" \/>\n<meta name=\"twitter:label1\" content=\"Est. reading time\" \/>\n\t<meta name=\"twitter:data1\" content=\"2 minutes\" \/>\n<script type=\"application\/ld+json\" class=\"yoast-schema-graph\">{\"@context\":\"https:\/\/schema.org\",\"@graph\":[{\"@type\":\"WebPage\",\"@id\":\"https:\/\/bakuautomation.com\/g%c9%99l%c9%99c%c9%99y%c9%99-baxis-missiyamiz-v%c9%99-d%c9%99y%c9%99rl%c9%99rimiz\/\",\"url\":\"https:\/\/bakuautomation.com\/g%c9%99l%c9%99c%c9%99y%c9%99-baxis-missiyamiz-v%c9%99-d%c9%99y%c9%99rl%c9%99rimiz\/\",\"name\":\"G\u0259l\u0259c\u0259y\u0259 Bax\u0131\u015f, Missiyam\u0131z v\u0259 D\u0259y\u0259rl\u0259rimiz - BakuAutomation\",\"isPartOf\":{\"@id\":\"https:\/\/bakuautomation.com\/#website\"},\"datePublished\":\"2023-11-23T10:52:12+00:00\",\"dateModified\":\"2026-04-14T10:21:34+00:00\",\"breadcrumb\":{\"@id\":\"https:\/\/bakuautomation.com\/g%c9%99l%c9%99c%c9%99y%c9%99-baxis-missiyamiz-v%c9%99-d%c9%99y%c9%99rl%c9%99rimiz\/#breadcrumb\"},\"inLanguage\":\"en-US\",\"potentialAction\":[{\"@type\":\"ReadAction\",\"target\":[\"https:\/\/bakuautomation.com\/g%c9%99l%c9%99c%c9%99y%c9%99-baxis-missiyamiz-v%c9%99-d%c9%99y%c9%99rl%c9%99rimiz\/\"]}]},{\"@type\":\"BreadcrumbList\",\"@id\":\"https:\/\/bakuautomation.com\/g%c9%99l%c9%99c%c9%99y%c9%99-baxis-missiyamiz-v%c9%99-d%c9%99y%c9%99rl%c9%99rimiz\/#breadcrumb\",\"itemListElement\":[{\"@type\":\"ListItem\",\"position\":1,\"name\":\"Home\",\"item\":\"https:\/\/bakuautomation.com\/\"},{\"@type\":\"ListItem\",\"position\":2,\"name\":\"G\u0259l\u0259c\u0259y\u0259 Bax\u0131\u015f, Missiyam\u0131z v\u0259 D\u0259y\u0259rl\u0259rimiz\"}]},{\"@type\":\"WebSite\",\"@id\":\"https:\/\/bakuautomation.com\/#website\",\"url\":\"https:\/\/bakuautomation.com\/\",\"name\":\"BakuAutomation\",\"description\":\"Automation\",\"publisher\":{\"@id\":\"https:\/\/bakuautomation.com\/#organization\"},\"potentialAction\":[{\"@type\":\"SearchAction\",\"target\":{\"@type\":\"EntryPoint\",\"urlTemplate\":\"https:\/\/bakuautomation.com\/?s={search_term_string}\"},\"query-input\":{\"@type\":\"PropertyValueSpecification\",\"valueRequired\":true,\"valueName\":\"search_term_string\"}}],\"inLanguage\":\"en-US\"},{\"@type\":\"Organization\",\"@id\":\"https:\/\/bakuautomation.com\/#organization\",\"name\":\"BakuAutomation\",\"url\":\"https:\/\/bakuautomation.com\/\",\"logo\":{\"@type\":\"ImageObject\",\"inLanguage\":\"en-US\",\"@id\":\"https:\/\/bakuautomation.com\/#\/schema\/logo\/image\/\",\"url\":\"https:\/\/bakuautomation.com\/wp-content\/uploads\/2023\/12\/cropped-bakuauto-logo.png\",\"contentUrl\":\"https:\/\/bakuautomation.com\/wp-content\/uploads\/2023\/12\/cropped-bakuauto-logo.png\",\"width\":2866,\"height\":679,\"caption\":\"BakuAutomation\"},\"image\":{\"@id\":\"https:\/\/bakuautomation.com\/#\/schema\/logo\/image\/\"}}]}<\/script>\n<!-- \/ Yoast SEO plugin. -->","yoast_head_json":{"title":"G\u0259l\u0259c\u0259y\u0259 Bax\u0131\u015f, Missiyam\u0131z v\u0259 D\u0259y\u0259rl\u0259rimiz - BakuAutomation","robots":{"index":"index","follow":"follow","max-snippet":"max-snippet:-1","max-image-preview":"max-image-preview:large","max-video-preview":"max-video-preview:-1"},"canonical":"https:\/\/bakuautomation.com\/en\/g\u0259l\u0259c\u0259y\u0259-baxis-missiyamiz-v\u0259-d\u0259y\u0259rl\u0259rimiz\/","og_locale":"en_US","og_type":"article","og_title":"G\u0259l\u0259c\u0259y\u0259 Bax\u0131\u015f, Missiyam\u0131z v\u0259 D\u0259y\u0259rl\u0259rimiz - BakuAutomation","og_description":"G\u0259l\u0259c\u0259y\u0259 Bax\u0131\u015f, Missiyam\u0131z v\u0259 D\u0259y\u0259rl\u0259rimiz G\u0259l\u0259c\u0259y\u0259 bax\u0131\u015f \u00a0\u201cBaku Automation and Construction Group\u201dun g\u0259l\u0259c\u0259y\u0259 bax\u0131\u015f\u0131 se\u00e7diyimiz bazarlarda apar\u0131c\u0131 in\u015faat \u015firk\u0259ti olmaqla s\u0259m\u0259r\u0259li icra, iqtisadi c\u0259h\u0259td\u0259n efektivlik v\u0259 d\u00fcnya s\u0259viyy\u0259li texniki m\u00fck\u0259mm\u0259llik&hellip;","og_url":"https:\/\/bakuautomation.com\/en\/g\u0259l\u0259c\u0259y\u0259-baxis-missiyamiz-v\u0259-d\u0259y\u0259rl\u0259rimiz\/","og_site_name":"BakuAutomation","article_modified_time":"2026-04-14T10:21:34+00:00","twitter_card":"summary_large_image","twitter_misc":{"Est. reading time":"2 minutes"},"schema":{"@context":"https:\/\/schema.org","@graph":[{"@type":"WebPage","@id":"https:\/\/bakuautomation.com\/g%c9%99l%c9%99c%c9%99y%c9%99-baxis-missiyamiz-v%c9%99-d%c9%99y%c9%99rl%c9%99rimiz\/","url":"https:\/\/bakuautomation.com\/g%c9%99l%c9%99c%c9%99y%c9%99-baxis-missiyamiz-v%c9%99-d%c9%99y%c9%99rl%c9%99rimiz\/","name":"G\u0259l\u0259c\u0259y\u0259 Bax\u0131\u015f, Missiyam\u0131z v\u0259 D\u0259y\u0259rl\u0259rimiz - BakuAutomation","isPartOf":{"@id":"https:\/\/bakuautomation.com\/#website"},"datePublished":"2023-11-23T10:52:12+00:00","dateModified":"2026-04-14T10:21:34+00:00","breadcrumb":{"@id":"https:\/\/bakuautomation.com\/g%c9%99l%c9%99c%c9%99y%c9%99-baxis-missiyamiz-v%c9%99-d%c9%99y%c9%99rl%c9%99rimiz\/#breadcrumb"},"inLanguage":"en-US","potentialAction":[{"@type":"ReadAction","target":["https:\/\/bakuautomation.com\/g%c9%99l%c9%99c%c9%99y%c9%99-baxis-missiyamiz-v%c9%99-d%c9%99y%c9%99rl%c9%99rimiz\/"]}]},{"@type":"BreadcrumbList","@id":"https:\/\/bakuautomation.com\/g%c9%99l%c9%99c%c9%99y%c9%99-baxis-missiyamiz-v%c9%99-d%c9%99y%c9%99rl%c9%99rimiz\/#breadcrumb","itemListElement":[{"@type":"ListItem","position":1,"name":"Home","item":"https:\/\/bakuautomation.com\/"},{"@type":"ListItem","position":2,"name":"G\u0259l\u0259c\u0259y\u0259 Bax\u0131\u015f, Missiyam\u0131z v\u0259 D\u0259y\u0259rl\u0259rimiz"}]},{"@type":"WebSite","@id":"https:\/\/bakuautomation.com\/#website","url":"https:\/\/bakuautomation.com\/","name":"BakuAutomation","description":"Automation","publisher":{"@id":"https:\/\/bakuautomation.com\/#organization"},"potentialAction":[{"@type":"SearchAction","target":{"@type":"EntryPoint","urlTemplate":"https:\/\/bakuautomation.com\/?s={search_term_string}"},"query-input":{"@type":"PropertyValueSpecification","valueRequired":true,"valueName":"search_term_string"}}],"inLanguage":"en-US"},{"@type":"Organization","@id":"https:\/\/bakuautomation.com\/#organization","name":"BakuAutomation","url":"https:\/\/bakuautomation.com\/","logo":{"@type":"ImageObject","inLanguage":"en-US","@id":"https:\/\/bakuautomation.com\/#\/schema\/logo\/image\/","url":"https:\/\/bakuautomation.com\/wp-content\/uploads\/2023\/12\/cropped-bakuauto-logo.png","contentUrl":"https:\/\/bakuautomation.com\/wp-content\/uploads\/2023\/12\/cropped-bakuauto-logo.png","width":2866,"height":679,"caption":"BakuAutomation"},"image":{"@id":"https:\/\/bakuautomation.com\/#\/schema\/logo\/image\/"}}]}},"_links":{"self":[{"href":"https:\/\/bakuautomation.com\/en\/wp-json\/wp\/v2\/pages\/2827","targetHints":{"allow":["GET"]}}],"collection":[{"href":"https:\/\/bakuautomation.com\/en\/wp-json\/wp\/v2\/pages"}],"about":[{"href":"https:\/\/bakuautomation.com\/en\/wp-json\/wp\/v2\/types\/page"}],"author":[{"embeddable":true,"href":"https:\/\/bakuautomation.com\/en\/wp-json\/wp\/v2\/users\/1"}],"replies":[{"embeddable":true,"href":"https:\/\/bakuautomation.com\/en\/wp-json\/wp\/v2\/comments?post=2827"}],"version-history":[{"count":5,"href":"https:\/\/bakuautomation.com\/en\/wp-json\/wp\/v2\/pages\/2827\/revisions"}],"predecessor-version":[{"id":3076,"href":"https:\/\/bakuautomation.com\/en\/wp-json\/wp\/v2\/pages\/2827\/revisions\/3076"}],"wp:attachment":[{"href":"https:\/\/bakuautomation.com\/en\/wp-json\/wp\/v2\/media?parent=2827"}],"curies":[{"name":"wp","href":"https:\/\/api.w.org\/{rel}","templated":true}]}}