{"id":2829,"date":"2023-11-23T14:53:05","date_gmt":"2023-11-23T10:53:05","guid":{"rendered":"https:\/\/bakuautomation.com\/demo\/?page_id=2829"},"modified":"2026-04-14T14:21:35","modified_gmt":"2026-04-14T10:21:35","slug":"inteqrasiya-olunmus-idar%c9%99etm%c9%99-sistemi","status":"publish","type":"page","link":"https:\/\/bakuautomation.com\/en\/inteqrasiya-olunmus-idar%c9%99etm%c9%99-sistemi\/","title":{"rendered":"Integrated Management System"},"content":{"rendered":"<div data-elementor-type=\"wp-page\" data-elementor-id=\"2829\" class=\"elementor elementor-2829\" data-elementor-post-type=\"page\">\n\t\t\t\t<div class=\"elementor-element elementor-element-6a2d72e e-con-full e-flex wpr-particle-no wpr-jarallax-no wpr-parallax-no wpr-sticky-section-no e-con e-parent\" data-id=\"6a2d72e\" data-element_type=\"container\" data-e-type=\"container\" data-settings=\"{&quot;background_background&quot;:&quot;classic&quot;}\">\n\t\t\t\t<div class=\"elementor-element elementor-element-3bc88ef elementor-widget elementor-widget-heading\" data-id=\"3bc88ef\" data-element_type=\"widget\" data-e-type=\"widget\" data-widget_type=\"heading.default\">\n\t\t\t\t<div class=\"elementor-widget-container\">\n\t\t\t\t\t<h2 class=\"elementor-heading-title elementor-size-default\">Integrated Management System<\/h2>\t\t\t\t<\/div>\n\t\t\t\t<\/div>\n\t\t\t\t<\/div>\n\t\t<div class=\"elementor-element elementor-element-f0cdb33 e-flex e-con-boxed wpr-particle-no wpr-jarallax-no wpr-parallax-no wpr-sticky-section-no e-con e-parent\" data-id=\"f0cdb33\" data-element_type=\"container\" data-e-type=\"container\">\n\t\t\t\t\t<div class=\"e-con-inner\">\n\t\t\t\t<div class=\"elementor-element elementor-element-2d7623a elementor-widget elementor-widget-text-editor\" data-id=\"2d7623a\" data-element_type=\"widget\" data-e-type=\"widget\" data-widget_type=\"text-editor.default\">\n\t\t\t\t<div class=\"elementor-widget-container\">\n\t\t\t\t\t\t\t\t\t<p>Baku Automation and Construction Group implements an Integrated Management System (IMS), which includes ISO 9001 Quality Management, ISO 14001 Environmental Management, ISO 45001 Occupational Health and Safety, as well as Occupational Accident Management standards.\u00a0<\/p><p>All areas are regularly audited by internal and external auditors. In each management system, the company's main intentions and direction are reflected in its statements of principles and rules.<\/p><p>The operation of management systems is described in detail in unified management instructions and applies to all company employees. The company's facilities are certified in many areas in accordance with the above standards.<\/p><p>The Integrated Management System (IMS) also partially or fully meets the requirements of various international and national standards and regulations.<\/p>\t\t\t\t\t\t\t\t<\/div>\n\t\t\t\t<\/div>\n\t\t\t\t\t<\/div>\n\t\t\t\t<\/div>\n\t\t\t\t<\/div>","protected":false},"excerpt":{"rendered":"<p>\u0130nteqrasiya Olunmu\u015f \u0130dar\u0259etm\u0259 Sistemi \u201cBaku Automation and Construction Group\u201d ISO 9001 Keyfiyy\u0259tin \u0130dar\u0259 olunmas\u0131, ISO 14001 \u018ftraf m\u00fchitin qorunmas\u0131n\u0131n idar\u0259 olunmas\u0131, ISO 45001 \u018fm\u0259yin m\u00fchafiz\u0259si v\u0259 t\u0259hl\u00fck\u0259sizlik, habel\u0259 \u0130stehsalat q\u0259zalar\u0131na&hellip;<\/p>","protected":false},"author":1,"featured_media":0,"parent":0,"menu_order":0,"comment_status":"closed","ping_status":"closed","template":"page-templates\/template-sinatra-fullwidth.php","meta":{"nf_dc_page":"","footnotes":""},"class_list":["post-2829","page","type-page","status-publish","hentry"],"yoast_head":"<!-- This site is optimized with the Yoast SEO plugin v27.2 - https:\/\/yoast.com\/product\/yoast-seo-wordpress\/ -->\n<title>\u0130nteqrasiya Olunmu\u015f \u0130dar\u0259etm\u0259 Sistemi - BakuAutomation<\/title>\n<meta name=\"robots\" content=\"index, follow, max-snippet:-1, max-image-preview:large, max-video-preview:-1\" \/>\n<link rel=\"canonical\" href=\"https:\/\/bakuautomation.com\/en\/inteqrasiya-olunmus-idar\u0259etm\u0259-sistemi\/\" \/>\n<meta property=\"og:locale\" content=\"en_US\" \/>\n<meta property=\"og:type\" content=\"article\" \/>\n<meta property=\"og:title\" content=\"\u0130nteqrasiya Olunmu\u015f \u0130dar\u0259etm\u0259 Sistemi - BakuAutomation\" \/>\n<meta property=\"og:description\" content=\"\u0130nteqrasiya Olunmu\u015f \u0130dar\u0259etm\u0259 Sistemi \u201cBaku Automation and Construction Group\u201d ISO 9001 Keyfiyy\u0259tin \u0130dar\u0259 olunmas\u0131, ISO 14001 \u018ftraf m\u00fchitin qorunmas\u0131n\u0131n idar\u0259 olunmas\u0131, ISO 45001 \u018fm\u0259yin m\u00fchafiz\u0259si v\u0259 t\u0259hl\u00fck\u0259sizlik, habel\u0259 \u0130stehsalat q\u0259zalar\u0131na&hellip;\" \/>\n<meta property=\"og:url\" content=\"https:\/\/bakuautomation.com\/en\/inteqrasiya-olunmus-idar\u0259etm\u0259-sistemi\/\" \/>\n<meta property=\"og:site_name\" content=\"BakuAutomation\" \/>\n<meta property=\"article:modified_time\" content=\"2026-04-14T10:21:35+00:00\" \/>\n<meta name=\"twitter:card\" content=\"summary_large_image\" \/>\n<meta name=\"twitter:label1\" content=\"Est. reading time\" \/>\n\t<meta name=\"twitter:data1\" content=\"1 minute\" \/>\n<script type=\"application\/ld+json\" class=\"yoast-schema-graph\">{\"@context\":\"https:\/\/schema.org\",\"@graph\":[{\"@type\":\"WebPage\",\"@id\":\"https:\/\/bakuautomation.com\/inteqrasiya-olunmus-idar%c9%99etm%c9%99-sistemi\/\",\"url\":\"https:\/\/bakuautomation.com\/inteqrasiya-olunmus-idar%c9%99etm%c9%99-sistemi\/\",\"name\":\"\u0130nteqrasiya Olunmu\u015f \u0130dar\u0259etm\u0259 Sistemi - BakuAutomation\",\"isPartOf\":{\"@id\":\"https:\/\/bakuautomation.com\/#website\"},\"datePublished\":\"2023-11-23T10:53:05+00:00\",\"dateModified\":\"2026-04-14T10:21:35+00:00\",\"breadcrumb\":{\"@id\":\"https:\/\/bakuautomation.com\/inteqrasiya-olunmus-idar%c9%99etm%c9%99-sistemi\/#breadcrumb\"},\"inLanguage\":\"en-US\",\"potentialAction\":[{\"@type\":\"ReadAction\",\"target\":[\"https:\/\/bakuautomation.com\/inteqrasiya-olunmus-idar%c9%99etm%c9%99-sistemi\/\"]}]},{\"@type\":\"BreadcrumbList\",\"@id\":\"https:\/\/bakuautomation.com\/inteqrasiya-olunmus-idar%c9%99etm%c9%99-sistemi\/#breadcrumb\",\"itemListElement\":[{\"@type\":\"ListItem\",\"position\":1,\"name\":\"Home\",\"item\":\"https:\/\/bakuautomation.com\/\"},{\"@type\":\"ListItem\",\"position\":2,\"name\":\"\u0130nteqrasiya Olunmu\u015f \u0130dar\u0259etm\u0259 Sistemi\"}]},{\"@type\":\"WebSite\",\"@id\":\"https:\/\/bakuautomation.com\/#website\",\"url\":\"https:\/\/bakuautomation.com\/\",\"name\":\"BakuAutomation\",\"description\":\"Automation\",\"publisher\":{\"@id\":\"https:\/\/bakuautomation.com\/#organization\"},\"potentialAction\":[{\"@type\":\"SearchAction\",\"target\":{\"@type\":\"EntryPoint\",\"urlTemplate\":\"https:\/\/bakuautomation.com\/?s={search_term_string}\"},\"query-input\":{\"@type\":\"PropertyValueSpecification\",\"valueRequired\":true,\"valueName\":\"search_term_string\"}}],\"inLanguage\":\"en-US\"},{\"@type\":\"Organization\",\"@id\":\"https:\/\/bakuautomation.com\/#organization\",\"name\":\"BakuAutomation\",\"url\":\"https:\/\/bakuautomation.com\/\",\"logo\":{\"@type\":\"ImageObject\",\"inLanguage\":\"en-US\",\"@id\":\"https:\/\/bakuautomation.com\/#\/schema\/logo\/image\/\",\"url\":\"https:\/\/bakuautomation.com\/wp-content\/uploads\/2023\/12\/cropped-bakuauto-logo.png\",\"contentUrl\":\"https:\/\/bakuautomation.com\/wp-content\/uploads\/2023\/12\/cropped-bakuauto-logo.png\",\"width\":2866,\"height\":679,\"caption\":\"BakuAutomation\"},\"image\":{\"@id\":\"https:\/\/bakuautomation.com\/#\/schema\/logo\/image\/\"}}]}<\/script>\n<!-- \/ Yoast SEO plugin. -->","yoast_head_json":{"title":"\u0130nteqrasiya Olunmu\u015f \u0130dar\u0259etm\u0259 Sistemi - BakuAutomation","robots":{"index":"index","follow":"follow","max-snippet":"max-snippet:-1","max-image-preview":"max-image-preview:large","max-video-preview":"max-video-preview:-1"},"canonical":"https:\/\/bakuautomation.com\/en\/inteqrasiya-olunmus-idar\u0259etm\u0259-sistemi\/","og_locale":"en_US","og_type":"article","og_title":"\u0130nteqrasiya Olunmu\u015f \u0130dar\u0259etm\u0259 Sistemi - BakuAutomation","og_description":"\u0130nteqrasiya Olunmu\u015f \u0130dar\u0259etm\u0259 Sistemi \u201cBaku Automation and Construction Group\u201d ISO 9001 Keyfiyy\u0259tin \u0130dar\u0259 olunmas\u0131, ISO 14001 \u018ftraf m\u00fchitin qorunmas\u0131n\u0131n idar\u0259 olunmas\u0131, ISO 45001 \u018fm\u0259yin m\u00fchafiz\u0259si v\u0259 t\u0259hl\u00fck\u0259sizlik, habel\u0259 \u0130stehsalat q\u0259zalar\u0131na&hellip;","og_url":"https:\/\/bakuautomation.com\/en\/inteqrasiya-olunmus-idar\u0259etm\u0259-sistemi\/","og_site_name":"BakuAutomation","article_modified_time":"2026-04-14T10:21:35+00:00","twitter_card":"summary_large_image","twitter_misc":{"Est. reading time":"1 minute"},"schema":{"@context":"https:\/\/schema.org","@graph":[{"@type":"WebPage","@id":"https:\/\/bakuautomation.com\/inteqrasiya-olunmus-idar%c9%99etm%c9%99-sistemi\/","url":"https:\/\/bakuautomation.com\/inteqrasiya-olunmus-idar%c9%99etm%c9%99-sistemi\/","name":"\u0130nteqrasiya Olunmu\u015f \u0130dar\u0259etm\u0259 Sistemi - BakuAutomation","isPartOf":{"@id":"https:\/\/bakuautomation.com\/#website"},"datePublished":"2023-11-23T10:53:05+00:00","dateModified":"2026-04-14T10:21:35+00:00","breadcrumb":{"@id":"https:\/\/bakuautomation.com\/inteqrasiya-olunmus-idar%c9%99etm%c9%99-sistemi\/#breadcrumb"},"inLanguage":"en-US","potentialAction":[{"@type":"ReadAction","target":["https:\/\/bakuautomation.com\/inteqrasiya-olunmus-idar%c9%99etm%c9%99-sistemi\/"]}]},{"@type":"BreadcrumbList","@id":"https:\/\/bakuautomation.com\/inteqrasiya-olunmus-idar%c9%99etm%c9%99-sistemi\/#breadcrumb","itemListElement":[{"@type":"ListItem","position":1,"name":"Home","item":"https:\/\/bakuautomation.com\/"},{"@type":"ListItem","position":2,"name":"\u0130nteqrasiya Olunmu\u015f \u0130dar\u0259etm\u0259 Sistemi"}]},{"@type":"WebSite","@id":"https:\/\/bakuautomation.com\/#website","url":"https:\/\/bakuautomation.com\/","name":"BakuAutomation","description":"Automation","publisher":{"@id":"https:\/\/bakuautomation.com\/#organization"},"potentialAction":[{"@type":"SearchAction","target":{"@type":"EntryPoint","urlTemplate":"https:\/\/bakuautomation.com\/?s={search_term_string}"},"query-input":{"@type":"PropertyValueSpecification","valueRequired":true,"valueName":"search_term_string"}}],"inLanguage":"en-US"},{"@type":"Organization","@id":"https:\/\/bakuautomation.com\/#organization","name":"BakuAutomation","url":"https:\/\/bakuautomation.com\/","logo":{"@type":"ImageObject","inLanguage":"en-US","@id":"https:\/\/bakuautomation.com\/#\/schema\/logo\/image\/","url":"https:\/\/bakuautomation.com\/wp-content\/uploads\/2023\/12\/cropped-bakuauto-logo.png","contentUrl":"https:\/\/bakuautomation.com\/wp-content\/uploads\/2023\/12\/cropped-bakuauto-logo.png","width":2866,"height":679,"caption":"BakuAutomation"},"image":{"@id":"https:\/\/bakuautomation.com\/#\/schema\/logo\/image\/"}}]}},"_links":{"self":[{"href":"https:\/\/bakuautomation.com\/en\/wp-json\/wp\/v2\/pages\/2829","targetHints":{"allow":["GET"]}}],"collection":[{"href":"https:\/\/bakuautomation.com\/en\/wp-json\/wp\/v2\/pages"}],"about":[{"href":"https:\/\/bakuautomation.com\/en\/wp-json\/wp\/v2\/types\/page"}],"author":[{"embeddable":true,"href":"https:\/\/bakuautomation.com\/en\/wp-json\/wp\/v2\/users\/1"}],"replies":[{"embeddable":true,"href":"https:\/\/bakuautomation.com\/en\/wp-json\/wp\/v2\/comments?post=2829"}],"version-history":[{"count":4,"href":"https:\/\/bakuautomation.com\/en\/wp-json\/wp\/v2\/pages\/2829\/revisions"}],"predecessor-version":[{"id":3079,"href":"https:\/\/bakuautomation.com\/en\/wp-json\/wp\/v2\/pages\/2829\/revisions\/3079"}],"wp:attachment":[{"href":"https:\/\/bakuautomation.com\/en\/wp-json\/wp\/v2\/media?parent=2829"}],"curies":[{"name":"wp","href":"https:\/\/api.w.org\/{rel}","templated":true}]}}