{"id":2831,"date":"2023-11-23T14:53:51","date_gmt":"2023-11-23T10:53:51","guid":{"rendered":"https:\/\/bakuautomation.com\/demo\/?page_id=2831"},"modified":"2026-04-14T14:21:35","modified_gmt":"2026-04-14T10:21:35","slug":"korporativ-m%c9%99d%c9%99niyy%c9%99t","status":"publish","type":"page","link":"https:\/\/bakuautomation.com\/en\/korporativ-m%c9%99d%c9%99niyy%c9%99t\/","title":{"rendered":"Corporate Culture"},"content":{"rendered":"<div data-elementor-type=\"wp-page\" data-elementor-id=\"2831\" class=\"elementor elementor-2831\" data-elementor-post-type=\"page\">\n\t\t\t\t<div class=\"elementor-element elementor-element-5febc1f e-con-full e-flex wpr-particle-no wpr-jarallax-no wpr-parallax-no wpr-sticky-section-no e-con e-parent\" data-id=\"5febc1f\" data-element_type=\"container\" data-e-type=\"container\" data-settings=\"{&quot;background_background&quot;:&quot;classic&quot;}\">\n\t\t\t\t<div class=\"elementor-element elementor-element-bb3bee2 elementor-widget elementor-widget-heading\" data-id=\"bb3bee2\" data-element_type=\"widget\" data-e-type=\"widget\" data-widget_type=\"heading.default\">\n\t\t\t\t<div class=\"elementor-widget-container\">\n\t\t\t\t\t<h2 class=\"elementor-heading-title elementor-size-default\">Corporate Culture<\/h2>\t\t\t\t<\/div>\n\t\t\t\t<\/div>\n\t\t\t\t<\/div>\n\t\t<div class=\"elementor-element elementor-element-ab2a760 e-flex e-con-boxed wpr-particle-no wpr-jarallax-no wpr-parallax-no wpr-sticky-section-no e-con e-parent\" data-id=\"ab2a760\" data-element_type=\"container\" data-e-type=\"container\">\n\t\t\t\t\t<div class=\"e-con-inner\">\n\t\t\t\t<div class=\"elementor-element elementor-element-246e8fb elementor-widget elementor-widget-text-editor\" data-id=\"246e8fb\" data-element_type=\"widget\" data-e-type=\"widget\" data-widget_type=\"text-editor.default\">\n\t\t\t\t<div class=\"elementor-widget-container\">\n\t\t\t\t\t\t\t\t\t<div class=\"pt-60 pb-60 pt-xs-60\"><div class=\"main-content\"><div class=\"container\"><p>Baku Automation and Construction Group is managed in line with the goals set out in our Mission, Values \u200b\u200band Vision.<\/p><p>Corporate Culture and its strengthening are very important for Baku Automation and Construction Group, as well as for corporate governance and project management, ensuring higher performance and quality.<\/p><p>As Baku Automation and Construction Group, we attach great importance to a strong and sustainable Corporate Culture. As such, Corporate Culture strengthens competition among employees. The diversification of the company increases and indirectly the pace of business also increases, becoming constantly development-oriented.<\/p><p>Our team consists of multilingual and multicultural employees of various nationalities, and the fact that our Company's business activities span various countries, greatly contributes to the further enrichment of our Corporate Culture.<\/p><p>As Baku Automation and Construction Group, we attach great importance to the values \u200b\u200bof our state and nation. Providing benefits to our people, employees, customers and partners is an important element of our corporate culture.\u00a0<\/p><div class=\"addthis_inline_share_toolbox mt-3\">\u00a0<\/div><\/div><\/div><\/div><footer class=\"footer pt-30 pt-xs-60\"><div class=\"container\"><div class=\"row footer-info __mb-60\"><div class=\"col-lg-3 col-md-4 col-xs-12 mb-sm-30\"><div class=\"icons-hover-black\">\u00a0<\/div><\/div><\/div><\/div><\/footer>\t\t\t\t\t\t\t\t<\/div>\n\t\t\t\t<\/div>\n\t\t\t\t\t<\/div>\n\t\t\t\t<\/div>\n\t\t\t\t<\/div>","protected":false},"excerpt":{"rendered":"<p>Korporativ M\u0259d\u0259niyy\u0259t Baku Automation and Construction Group Missiyam\u0131zda, D\u0259y\u0259rl\u0259rimizd\u0259 v\u0259 G\u0259l\u0259c\u0259y\u0259 Bax\u0131\u015f\u0131m\u0131zda qeyd olunan h\u0259d\u0259fl\u0259r\u0259 uy\u011funla\u015fd\u0131r\u0131laraq idar\u0259 olunur. Korporativ M\u0259d\u0259niyy\u0259t v\u0259 onun g\u00fccl\u0259ndirilm\u0259si Baku Automation and Construction Group \u00fc\u00e7\u00fcn daha&hellip;<\/p>","protected":false},"author":1,"featured_media":0,"parent":0,"menu_order":0,"comment_status":"closed","ping_status":"closed","template":"page-templates\/template-sinatra-fullwidth.php","meta":{"nf_dc_page":"","footnotes":""},"class_list":["post-2831","page","type-page","status-publish","hentry"],"yoast_head":"<!-- This site is optimized with the Yoast SEO plugin v27.2 - https:\/\/yoast.com\/product\/yoast-seo-wordpress\/ -->\n<title>Korporativ M\u0259d\u0259niyy\u0259t - BakuAutomation<\/title>\n<meta name=\"robots\" content=\"index, follow, max-snippet:-1, max-image-preview:large, max-video-preview:-1\" \/>\n<link rel=\"canonical\" href=\"https:\/\/bakuautomation.com\/en\/korporativ-m\u0259d\u0259niyy\u0259t\/\" \/>\n<meta property=\"og:locale\" content=\"en_US\" \/>\n<meta property=\"og:type\" content=\"article\" \/>\n<meta property=\"og:title\" content=\"Korporativ M\u0259d\u0259niyy\u0259t - BakuAutomation\" \/>\n<meta property=\"og:description\" content=\"Korporativ M\u0259d\u0259niyy\u0259t Baku Automation and Construction Group Missiyam\u0131zda, D\u0259y\u0259rl\u0259rimizd\u0259 v\u0259 G\u0259l\u0259c\u0259y\u0259 Bax\u0131\u015f\u0131m\u0131zda qeyd olunan h\u0259d\u0259fl\u0259r\u0259 uy\u011funla\u015fd\u0131r\u0131laraq idar\u0259 olunur. Korporativ M\u0259d\u0259niyy\u0259t v\u0259 onun g\u00fccl\u0259ndirilm\u0259si Baku Automation and Construction Group \u00fc\u00e7\u00fcn daha&hellip;\" \/>\n<meta property=\"og:url\" content=\"https:\/\/bakuautomation.com\/en\/korporativ-m\u0259d\u0259niyy\u0259t\/\" \/>\n<meta property=\"og:site_name\" content=\"BakuAutomation\" \/>\n<meta property=\"article:modified_time\" content=\"2026-04-14T10:21:35+00:00\" \/>\n<meta name=\"twitter:card\" content=\"summary_large_image\" \/>\n<meta name=\"twitter:label1\" content=\"Est. reading time\" \/>\n\t<meta name=\"twitter:data1\" content=\"1 minute\" \/>\n<script type=\"application\/ld+json\" class=\"yoast-schema-graph\">{\"@context\":\"https:\/\/schema.org\",\"@graph\":[{\"@type\":\"WebPage\",\"@id\":\"https:\/\/bakuautomation.com\/korporativ-m%c9%99d%c9%99niyy%c9%99t\/\",\"url\":\"https:\/\/bakuautomation.com\/korporativ-m%c9%99d%c9%99niyy%c9%99t\/\",\"name\":\"Korporativ M\u0259d\u0259niyy\u0259t - BakuAutomation\",\"isPartOf\":{\"@id\":\"https:\/\/bakuautomation.com\/#website\"},\"datePublished\":\"2023-11-23T10:53:51+00:00\",\"dateModified\":\"2026-04-14T10:21:35+00:00\",\"breadcrumb\":{\"@id\":\"https:\/\/bakuautomation.com\/korporativ-m%c9%99d%c9%99niyy%c9%99t\/#breadcrumb\"},\"inLanguage\":\"en-US\",\"potentialAction\":[{\"@type\":\"ReadAction\",\"target\":[\"https:\/\/bakuautomation.com\/korporativ-m%c9%99d%c9%99niyy%c9%99t\/\"]}]},{\"@type\":\"BreadcrumbList\",\"@id\":\"https:\/\/bakuautomation.com\/korporativ-m%c9%99d%c9%99niyy%c9%99t\/#breadcrumb\",\"itemListElement\":[{\"@type\":\"ListItem\",\"position\":1,\"name\":\"Home\",\"item\":\"https:\/\/bakuautomation.com\/\"},{\"@type\":\"ListItem\",\"position\":2,\"name\":\"Korporativ M\u0259d\u0259niyy\u0259t\"}]},{\"@type\":\"WebSite\",\"@id\":\"https:\/\/bakuautomation.com\/#website\",\"url\":\"https:\/\/bakuautomation.com\/\",\"name\":\"BakuAutomation\",\"description\":\"Automation\",\"publisher\":{\"@id\":\"https:\/\/bakuautomation.com\/#organization\"},\"potentialAction\":[{\"@type\":\"SearchAction\",\"target\":{\"@type\":\"EntryPoint\",\"urlTemplate\":\"https:\/\/bakuautomation.com\/?s={search_term_string}\"},\"query-input\":{\"@type\":\"PropertyValueSpecification\",\"valueRequired\":true,\"valueName\":\"search_term_string\"}}],\"inLanguage\":\"en-US\"},{\"@type\":\"Organization\",\"@id\":\"https:\/\/bakuautomation.com\/#organization\",\"name\":\"BakuAutomation\",\"url\":\"https:\/\/bakuautomation.com\/\",\"logo\":{\"@type\":\"ImageObject\",\"inLanguage\":\"en-US\",\"@id\":\"https:\/\/bakuautomation.com\/#\/schema\/logo\/image\/\",\"url\":\"https:\/\/bakuautomation.com\/wp-content\/uploads\/2023\/12\/cropped-bakuauto-logo.png\",\"contentUrl\":\"https:\/\/bakuautomation.com\/wp-content\/uploads\/2023\/12\/cropped-bakuauto-logo.png\",\"width\":2866,\"height\":679,\"caption\":\"BakuAutomation\"},\"image\":{\"@id\":\"https:\/\/bakuautomation.com\/#\/schema\/logo\/image\/\"}}]}<\/script>\n<!-- \/ Yoast SEO plugin. -->","yoast_head_json":{"title":"Korporativ M\u0259d\u0259niyy\u0259t - BakuAutomation","robots":{"index":"index","follow":"follow","max-snippet":"max-snippet:-1","max-image-preview":"max-image-preview:large","max-video-preview":"max-video-preview:-1"},"canonical":"https:\/\/bakuautomation.com\/en\/korporativ-m\u0259d\u0259niyy\u0259t\/","og_locale":"en_US","og_type":"article","og_title":"Korporativ M\u0259d\u0259niyy\u0259t - BakuAutomation","og_description":"Korporativ M\u0259d\u0259niyy\u0259t Baku Automation and Construction Group Missiyam\u0131zda, D\u0259y\u0259rl\u0259rimizd\u0259 v\u0259 G\u0259l\u0259c\u0259y\u0259 Bax\u0131\u015f\u0131m\u0131zda qeyd olunan h\u0259d\u0259fl\u0259r\u0259 uy\u011funla\u015fd\u0131r\u0131laraq idar\u0259 olunur. Korporativ M\u0259d\u0259niyy\u0259t v\u0259 onun g\u00fccl\u0259ndirilm\u0259si Baku Automation and Construction Group \u00fc\u00e7\u00fcn daha&hellip;","og_url":"https:\/\/bakuautomation.com\/en\/korporativ-m\u0259d\u0259niyy\u0259t\/","og_site_name":"BakuAutomation","article_modified_time":"2026-04-14T10:21:35+00:00","twitter_card":"summary_large_image","twitter_misc":{"Est. reading time":"1 minute"},"schema":{"@context":"https:\/\/schema.org","@graph":[{"@type":"WebPage","@id":"https:\/\/bakuautomation.com\/korporativ-m%c9%99d%c9%99niyy%c9%99t\/","url":"https:\/\/bakuautomation.com\/korporativ-m%c9%99d%c9%99niyy%c9%99t\/","name":"Korporativ M\u0259d\u0259niyy\u0259t - BakuAutomation","isPartOf":{"@id":"https:\/\/bakuautomation.com\/#website"},"datePublished":"2023-11-23T10:53:51+00:00","dateModified":"2026-04-14T10:21:35+00:00","breadcrumb":{"@id":"https:\/\/bakuautomation.com\/korporativ-m%c9%99d%c9%99niyy%c9%99t\/#breadcrumb"},"inLanguage":"en-US","potentialAction":[{"@type":"ReadAction","target":["https:\/\/bakuautomation.com\/korporativ-m%c9%99d%c9%99niyy%c9%99t\/"]}]},{"@type":"BreadcrumbList","@id":"https:\/\/bakuautomation.com\/korporativ-m%c9%99d%c9%99niyy%c9%99t\/#breadcrumb","itemListElement":[{"@type":"ListItem","position":1,"name":"Home","item":"https:\/\/bakuautomation.com\/"},{"@type":"ListItem","position":2,"name":"Korporativ M\u0259d\u0259niyy\u0259t"}]},{"@type":"WebSite","@id":"https:\/\/bakuautomation.com\/#website","url":"https:\/\/bakuautomation.com\/","name":"BakuAutomation","description":"Automation","publisher":{"@id":"https:\/\/bakuautomation.com\/#organization"},"potentialAction":[{"@type":"SearchAction","target":{"@type":"EntryPoint","urlTemplate":"https:\/\/bakuautomation.com\/?s={search_term_string}"},"query-input":{"@type":"PropertyValueSpecification","valueRequired":true,"valueName":"search_term_string"}}],"inLanguage":"en-US"},{"@type":"Organization","@id":"https:\/\/bakuautomation.com\/#organization","name":"BakuAutomation","url":"https:\/\/bakuautomation.com\/","logo":{"@type":"ImageObject","inLanguage":"en-US","@id":"https:\/\/bakuautomation.com\/#\/schema\/logo\/image\/","url":"https:\/\/bakuautomation.com\/wp-content\/uploads\/2023\/12\/cropped-bakuauto-logo.png","contentUrl":"https:\/\/bakuautomation.com\/wp-content\/uploads\/2023\/12\/cropped-bakuauto-logo.png","width":2866,"height":679,"caption":"BakuAutomation"},"image":{"@id":"https:\/\/bakuautomation.com\/#\/schema\/logo\/image\/"}}]}},"_links":{"self":[{"href":"https:\/\/bakuautomation.com\/en\/wp-json\/wp\/v2\/pages\/2831","targetHints":{"allow":["GET"]}}],"collection":[{"href":"https:\/\/bakuautomation.com\/en\/wp-json\/wp\/v2\/pages"}],"about":[{"href":"https:\/\/bakuautomation.com\/en\/wp-json\/wp\/v2\/types\/page"}],"author":[{"embeddable":true,"href":"https:\/\/bakuautomation.com\/en\/wp-json\/wp\/v2\/users\/1"}],"replies":[{"embeddable":true,"href":"https:\/\/bakuautomation.com\/en\/wp-json\/wp\/v2\/comments?post=2831"}],"version-history":[{"count":4,"href":"https:\/\/bakuautomation.com\/en\/wp-json\/wp\/v2\/pages\/2831\/revisions"}],"predecessor-version":[{"id":3082,"href":"https:\/\/bakuautomation.com\/en\/wp-json\/wp\/v2\/pages\/2831\/revisions\/3082"}],"wp:attachment":[{"href":"https:\/\/bakuautomation.com\/en\/wp-json\/wp\/v2\/media?parent=2831"}],"curies":[{"name":"wp","href":"https:\/\/api.w.org\/{rel}","templated":true}]}}