{"id":2835,"date":"2023-11-23T14:56:21","date_gmt":"2023-11-23T10:56:21","guid":{"rendered":"https:\/\/bakuautomation.com\/demo\/?page_id=2835"},"modified":"2026-04-14T14:21:37","modified_gmt":"2026-04-14T10:21:37","slug":"must%c9%99ril%c9%99r-t%c9%99r%c9%99fdaslar-v%c9%99-maliyy%c9%99-qurumlari","status":"publish","type":"page","link":"https:\/\/bakuautomation.com\/en\/must%c9%99ril%c9%99r-t%c9%99r%c9%99fdaslar-v%c9%99-maliyy%c9%99-qurumlari\/","title":{"rendered":"Clients, Partners, and Financial Institutions"},"content":{"rendered":"<div data-elementor-type=\"wp-page\" data-elementor-id=\"2835\" class=\"elementor elementor-2835\" data-elementor-post-type=\"page\">\n\t\t\t\t<div class=\"elementor-element elementor-element-82db02a e-con-full e-flex wpr-particle-no wpr-jarallax-no wpr-parallax-no wpr-sticky-section-no e-con e-parent\" data-id=\"82db02a\" data-element_type=\"container\" data-e-type=\"container\" data-settings=\"{&quot;background_background&quot;:&quot;classic&quot;}\">\n\t\t\t\t<div class=\"elementor-element elementor-element-0c6cfa3 elementor-widget elementor-widget-heading\" data-id=\"0c6cfa3\" data-element_type=\"widget\" data-e-type=\"widget\" data-widget_type=\"heading.default\">\n\t\t\t\t<div class=\"elementor-widget-container\">\n\t\t\t\t\t<h2 class=\"elementor-heading-title elementor-size-default\">Clients, Partners, and Financial Institutions<\/h2>\t\t\t\t<\/div>\n\t\t\t\t<\/div>\n\t\t\t\t<\/div>\n\t\t<div class=\"elementor-element elementor-element-88158c0 e-flex e-con-boxed wpr-particle-no wpr-jarallax-no wpr-parallax-no wpr-sticky-section-no e-con e-parent\" data-id=\"88158c0\" data-element_type=\"container\" data-e-type=\"container\">\n\t\t\t\t\t<div class=\"e-con-inner\">\n\t\t<div class=\"elementor-element elementor-element-3959990 e-con-full e-flex wpr-particle-no wpr-jarallax-no wpr-parallax-no wpr-sticky-section-no e-con e-child\" data-id=\"3959990\" data-element_type=\"container\" data-e-type=\"container\">\n\t\t\t\t<div class=\"elementor-element elementor-element-da2f6af elementor-widget elementor-widget-image\" data-id=\"da2f6af\" data-element_type=\"widget\" data-e-type=\"widget\" data-widget_type=\"image.default\">\n\t\t\t\t<div class=\"elementor-widget-container\">\n\t\t\t\t\t\t\t\t\t\t\t\t\t\t\t<img fetchpriority=\"high\" decoding=\"async\" width=\"1250\" height=\"833\" src=\"https:\/\/bakuautomation.com\/wp-content\/uploads\/2024\/01\/balogos-11.jpg\" class=\"attachment-full size-full wp-image-3279\" alt=\"\" srcset=\"https:\/\/bakuautomation.com\/wp-content\/uploads\/2024\/01\/balogos-11.jpg 1250w, https:\/\/bakuautomation.com\/wp-content\/uploads\/2024\/01\/balogos-11-768x512.jpg 768w\" sizes=\"(max-width: 1250px) 100vw, 1250px\" \/>\t\t\t\t\t\t\t\t\t\t\t\t\t\t\t<\/div>\n\t\t\t\t<\/div>\n\t\t\t\t<\/div>\n\t\t<div class=\"elementor-element elementor-element-0be1fd1 e-con-full e-flex wpr-particle-no wpr-jarallax-no wpr-parallax-no wpr-sticky-section-no e-con e-child\" data-id=\"0be1fd1\" data-element_type=\"container\" data-e-type=\"container\">\n\t\t\t\t<div class=\"elementor-element elementor-element-d9d2c54 elementor-widget elementor-widget-image\" data-id=\"d9d2c54\" data-element_type=\"widget\" data-e-type=\"widget\" data-widget_type=\"image.default\">\n\t\t\t\t<div class=\"elementor-widget-container\">\n\t\t\t\t\t\t\t\t\t\t\t\t\t\t\t<img decoding=\"async\" width=\"1250\" height=\"833\" src=\"https:\/\/bakuautomation.com\/wp-content\/uploads\/2024\/01\/balogos-10.jpg\" class=\"attachment-full size-full wp-image-3280\" alt=\"\" srcset=\"https:\/\/bakuautomation.com\/wp-content\/uploads\/2024\/01\/balogos-10.jpg 1250w, https:\/\/bakuautomation.com\/wp-content\/uploads\/2024\/01\/balogos-10-768x512.jpg 768w\" sizes=\"(max-width: 1250px) 100vw, 1250px\" \/>\t\t\t\t\t\t\t\t\t\t\t\t\t\t\t<\/div>\n\t\t\t\t<\/div>\n\t\t\t\t<\/div>\n\t\t<div class=\"elementor-element elementor-element-562001b e-con-full e-flex wpr-particle-no wpr-jarallax-no wpr-parallax-no wpr-sticky-section-no e-con e-child\" data-id=\"562001b\" data-element_type=\"container\" data-e-type=\"container\">\n\t\t\t\t<div class=\"elementor-element elementor-element-4e56d8a elementor-widget elementor-widget-image\" data-id=\"4e56d8a\" data-element_type=\"widget\" data-e-type=\"widget\" data-widget_type=\"image.default\">\n\t\t\t\t<div class=\"elementor-widget-container\">\n\t\t\t\t\t\t\t\t\t\t\t\t\t\t\t<img decoding=\"async\" width=\"1250\" height=\"833\" src=\"https:\/\/bakuautomation.com\/wp-content\/uploads\/2024\/01\/balogos-09.jpg\" class=\"attachment-full size-full wp-image-3281\" alt=\"\" srcset=\"https:\/\/bakuautomation.com\/wp-content\/uploads\/2024\/01\/balogos-09.jpg 1250w, https:\/\/bakuautomation.com\/wp-content\/uploads\/2024\/01\/balogos-09-768x512.jpg 768w\" sizes=\"(max-width: 1250px) 100vw, 1250px\" \/>\t\t\t\t\t\t\t\t\t\t\t\t\t\t\t<\/div>\n\t\t\t\t<\/div>\n\t\t\t\t<\/div>\n\t\t<div class=\"elementor-element elementor-element-49871bd e-con-full e-flex wpr-particle-no wpr-jarallax-no wpr-parallax-no wpr-sticky-section-no e-con e-child\" data-id=\"49871bd\" data-element_type=\"container\" data-e-type=\"container\">\n\t\t\t\t<div class=\"elementor-element elementor-element-84da67d elementor-widget elementor-widget-image\" data-id=\"84da67d\" data-element_type=\"widget\" data-e-type=\"widget\" data-widget_type=\"image.default\">\n\t\t\t\t<div class=\"elementor-widget-container\">\n\t\t\t\t\t\t\t\t\t\t\t\t\t\t\t<img loading=\"lazy\" decoding=\"async\" width=\"1250\" height=\"833\" src=\"https:\/\/bakuautomation.com\/wp-content\/uploads\/2024\/01\/balogos-08.jpg\" class=\"attachment-full size-full wp-image-3282\" alt=\"\" srcset=\"https:\/\/bakuautomation.com\/wp-content\/uploads\/2024\/01\/balogos-08.jpg 1250w, https:\/\/bakuautomation.com\/wp-content\/uploads\/2024\/01\/balogos-08-768x512.jpg 768w\" sizes=\"(max-width: 1250px) 100vw, 1250px\" \/>\t\t\t\t\t\t\t\t\t\t\t\t\t\t\t<\/div>\n\t\t\t\t<\/div>\n\t\t\t\t<\/div>\n\t\t<div class=\"elementor-element elementor-element-aa5f634 e-con-full e-flex wpr-particle-no wpr-jarallax-no wpr-parallax-no wpr-sticky-section-no e-con e-child\" data-id=\"aa5f634\" data-element_type=\"container\" data-e-type=\"container\">\n\t\t\t\t<div class=\"elementor-element elementor-element-b0ddf13 elementor-widget elementor-widget-image\" data-id=\"b0ddf13\" data-element_type=\"widget\" data-e-type=\"widget\" data-widget_type=\"image.default\">\n\t\t\t\t<div class=\"elementor-widget-container\">\n\t\t\t\t\t\t\t\t\t\t\t\t\t\t\t<img loading=\"lazy\" decoding=\"async\" width=\"1250\" height=\"833\" src=\"https:\/\/bakuautomation.com\/wp-content\/uploads\/2024\/01\/balogos-07.jpg\" class=\"attachment-full size-full wp-image-3283\" alt=\"\" srcset=\"https:\/\/bakuautomation.com\/wp-content\/uploads\/2024\/01\/balogos-07.jpg 1250w, https:\/\/bakuautomation.com\/wp-content\/uploads\/2024\/01\/balogos-07-768x512.jpg 768w\" sizes=\"(max-width: 1250px) 100vw, 1250px\" \/>\t\t\t\t\t\t\t\t\t\t\t\t\t\t\t<\/div>\n\t\t\t\t<\/div>\n\t\t\t\t<\/div>\n\t\t<div class=\"elementor-element elementor-element-b4a8b20 e-con-full e-flex wpr-particle-no wpr-jarallax-no wpr-parallax-no wpr-sticky-section-no e-con e-child\" data-id=\"b4a8b20\" data-element_type=\"container\" data-e-type=\"container\">\n\t\t\t\t<div class=\"elementor-element elementor-element-3925539 elementor-widget elementor-widget-image\" data-id=\"3925539\" data-element_type=\"widget\" data-e-type=\"widget\" data-widget_type=\"image.default\">\n\t\t\t\t<div class=\"elementor-widget-container\">\n\t\t\t\t\t\t\t\t\t\t\t\t\t\t\t<img loading=\"lazy\" decoding=\"async\" width=\"1250\" height=\"833\" src=\"https:\/\/bakuautomation.com\/wp-content\/uploads\/2024\/01\/balogos-06.jpg\" class=\"attachment-full size-full wp-image-3284\" alt=\"\" srcset=\"https:\/\/bakuautomation.com\/wp-content\/uploads\/2024\/01\/balogos-06.jpg 1250w, https:\/\/bakuautomation.com\/wp-content\/uploads\/2024\/01\/balogos-06-768x512.jpg 768w\" sizes=\"(max-width: 1250px) 100vw, 1250px\" \/>\t\t\t\t\t\t\t\t\t\t\t\t\t\t\t<\/div>\n\t\t\t\t<\/div>\n\t\t\t\t<\/div>\n\t\t<div class=\"elementor-element elementor-element-ef6221f e-con-full e-flex wpr-particle-no wpr-jarallax-no wpr-parallax-no wpr-sticky-section-no e-con e-child\" data-id=\"ef6221f\" data-element_type=\"container\" data-e-type=\"container\">\n\t\t\t\t<div class=\"elementor-element elementor-element-4136db8 elementor-widget elementor-widget-image\" data-id=\"4136db8\" data-element_type=\"widget\" data-e-type=\"widget\" data-widget_type=\"image.default\">\n\t\t\t\t<div class=\"elementor-widget-container\">\n\t\t\t\t\t\t\t\t\t\t\t\t\t\t\t<img loading=\"lazy\" decoding=\"async\" width=\"1250\" height=\"833\" src=\"https:\/\/bakuautomation.com\/wp-content\/uploads\/2024\/01\/balogos-05.jpg\" class=\"attachment-full size-full wp-image-3285\" alt=\"\" srcset=\"https:\/\/bakuautomation.com\/wp-content\/uploads\/2024\/01\/balogos-05.jpg 1250w, https:\/\/bakuautomation.com\/wp-content\/uploads\/2024\/01\/balogos-05-768x512.jpg 768w\" sizes=\"(max-width: 1250px) 100vw, 1250px\" \/>\t\t\t\t\t\t\t\t\t\t\t\t\t\t\t<\/div>\n\t\t\t\t<\/div>\n\t\t\t\t<\/div>\n\t\t<div class=\"elementor-element elementor-element-7124ef4 e-con-full e-flex wpr-particle-no wpr-jarallax-no wpr-parallax-no wpr-sticky-section-no e-con e-child\" data-id=\"7124ef4\" data-element_type=\"container\" data-e-type=\"container\">\n\t\t\t\t<div class=\"elementor-element elementor-element-c54e8a7 elementor-widget elementor-widget-image\" data-id=\"c54e8a7\" data-element_type=\"widget\" data-e-type=\"widget\" data-widget_type=\"image.default\">\n\t\t\t\t<div class=\"elementor-widget-container\">\n\t\t\t\t\t\t\t\t\t\t\t\t\t\t\t<img loading=\"lazy\" decoding=\"async\" width=\"1250\" height=\"833\" src=\"https:\/\/bakuautomation.com\/wp-content\/uploads\/2024\/01\/balogos-04.jpg\" class=\"attachment-full size-full wp-image-3286\" alt=\"\" srcset=\"https:\/\/bakuautomation.com\/wp-content\/uploads\/2024\/01\/balogos-04.jpg 1250w, https:\/\/bakuautomation.com\/wp-content\/uploads\/2024\/01\/balogos-04-768x512.jpg 768w\" sizes=\"(max-width: 1250px) 100vw, 1250px\" \/>\t\t\t\t\t\t\t\t\t\t\t\t\t\t\t<\/div>\n\t\t\t\t<\/div>\n\t\t\t\t<\/div>\n\t\t<div class=\"elementor-element elementor-element-ec217f8 e-con-full e-flex wpr-particle-no wpr-jarallax-no wpr-parallax-no wpr-sticky-section-no e-con e-child\" data-id=\"ec217f8\" data-element_type=\"container\" data-e-type=\"container\">\n\t\t\t\t<div class=\"elementor-element elementor-element-fca4bea elementor-widget elementor-widget-image\" data-id=\"fca4bea\" data-element_type=\"widget\" data-e-type=\"widget\" data-widget_type=\"image.default\">\n\t\t\t\t<div class=\"elementor-widget-container\">\n\t\t\t\t\t\t\t\t\t\t\t\t\t\t\t<img loading=\"lazy\" decoding=\"async\" width=\"1250\" height=\"833\" src=\"https:\/\/bakuautomation.com\/wp-content\/uploads\/2024\/01\/balogos-03.jpg\" class=\"attachment-full size-full wp-image-3287\" alt=\"\" srcset=\"https:\/\/bakuautomation.com\/wp-content\/uploads\/2024\/01\/balogos-03.jpg 1250w, https:\/\/bakuautomation.com\/wp-content\/uploads\/2024\/01\/balogos-03-768x512.jpg 768w\" sizes=\"(max-width: 1250px) 100vw, 1250px\" \/>\t\t\t\t\t\t\t\t\t\t\t\t\t\t\t<\/div>\n\t\t\t\t<\/div>\n\t\t\t\t<\/div>\n\t\t<div class=\"elementor-element elementor-element-24fd5b8 e-con-full e-flex wpr-particle-no wpr-jarallax-no wpr-parallax-no wpr-sticky-section-no e-con e-child\" data-id=\"24fd5b8\" data-element_type=\"container\" data-e-type=\"container\">\n\t\t\t\t<div class=\"elementor-element elementor-element-c22137b elementor-widget elementor-widget-image\" data-id=\"c22137b\" data-element_type=\"widget\" data-e-type=\"widget\" data-widget_type=\"image.default\">\n\t\t\t\t<div class=\"elementor-widget-container\">\n\t\t\t\t\t\t\t\t\t\t\t\t\t\t\t<img loading=\"lazy\" decoding=\"async\" width=\"1250\" height=\"833\" src=\"https:\/\/bakuautomation.com\/wp-content\/uploads\/2024\/01\/balogos-02.jpg\" class=\"attachment-full size-full wp-image-3288\" alt=\"\" srcset=\"https:\/\/bakuautomation.com\/wp-content\/uploads\/2024\/01\/balogos-02.jpg 1250w, https:\/\/bakuautomation.com\/wp-content\/uploads\/2024\/01\/balogos-02-768x512.jpg 768w\" sizes=\"(max-width: 1250px) 100vw, 1250px\" \/>\t\t\t\t\t\t\t\t\t\t\t\t\t\t\t<\/div>\n\t\t\t\t<\/div>\n\t\t\t\t<\/div>\n\t\t<div class=\"elementor-element elementor-element-e67ebec e-con-full e-flex wpr-particle-no wpr-jarallax-no wpr-parallax-no wpr-sticky-section-no e-con e-child\" data-id=\"e67ebec\" data-element_type=\"container\" data-e-type=\"container\">\n\t\t\t\t<div class=\"elementor-element elementor-element-889c4fc elementor-widget elementor-widget-image\" data-id=\"889c4fc\" data-element_type=\"widget\" data-e-type=\"widget\" data-widget_type=\"image.default\">\n\t\t\t\t<div class=\"elementor-widget-container\">\n\t\t\t\t\t\t\t\t\t\t\t\t\t\t\t<img loading=\"lazy\" decoding=\"async\" width=\"1250\" height=\"833\" src=\"https:\/\/bakuautomation.com\/wp-content\/uploads\/2024\/01\/balogos-01.jpg\" class=\"attachment-full size-full wp-image-3289\" alt=\"\" srcset=\"https:\/\/bakuautomation.com\/wp-content\/uploads\/2024\/01\/balogos-01.jpg 1250w, https:\/\/bakuautomation.com\/wp-content\/uploads\/2024\/01\/balogos-01-768x512.jpg 768w\" sizes=\"(max-width: 1250px) 100vw, 1250px\" \/>\t\t\t\t\t\t\t\t\t\t\t\t\t\t\t<\/div>\n\t\t\t\t<\/div>\n\t\t\t\t<\/div>\n\t\t\t\t\t<\/div>\n\t\t\t\t<\/div>\n\t\t\t\t<\/div>","protected":false},"excerpt":{"rendered":"<p>Clients, Partners, and Financial Institutions<\/p>","protected":false},"author":1,"featured_media":0,"parent":0,"menu_order":0,"comment_status":"closed","ping_status":"closed","template":"page-templates\/template-sinatra-fullwidth.php","meta":{"nf_dc_page":"","footnotes":""},"class_list":["post-2835","page","type-page","status-publish","hentry"],"yoast_head":"<!-- This site is optimized with the Yoast SEO plugin v27.2 - https:\/\/yoast.com\/product\/yoast-seo-wordpress\/ -->\n<title>M\u00fc\u015ft\u0259ril\u0259r, T\u0259r\u0259fda\u015flar v\u0259 Maliyy\u0259 Qurumlar\u0131 - BakuAutomation<\/title>\n<meta name=\"robots\" content=\"index, follow, max-snippet:-1, max-image-preview:large, max-video-preview:-1\" \/>\n<link rel=\"canonical\" href=\"https:\/\/bakuautomation.com\/en\/must\u0259ril\u0259r-t\u0259r\u0259fdaslar-v\u0259-maliyy\u0259-qurumlari\/\" \/>\n<meta property=\"og:locale\" content=\"en_US\" \/>\n<meta property=\"og:type\" content=\"article\" \/>\n<meta property=\"og:title\" content=\"M\u00fc\u015ft\u0259ril\u0259r, T\u0259r\u0259fda\u015flar v\u0259 Maliyy\u0259 Qurumlar\u0131 - BakuAutomation\" \/>\n<meta property=\"og:description\" content=\"M\u00fc\u015ft\u0259ril\u0259r, T\u0259r\u0259fda\u015flar v\u0259 Maliyy\u0259 Qurumlar\u0131\" \/>\n<meta property=\"og:url\" content=\"https:\/\/bakuautomation.com\/en\/must\u0259ril\u0259r-t\u0259r\u0259fdaslar-v\u0259-maliyy\u0259-qurumlari\/\" \/>\n<meta property=\"og:site_name\" content=\"BakuAutomation\" \/>\n<meta property=\"article:modified_time\" content=\"2026-04-14T10:21:37+00:00\" \/>\n<meta property=\"og:image\" content=\"https:\/\/bakuautomation.com\/demo\/wp-content\/uploads\/2024\/01\/balogos-11.jpg\" \/>\n<meta name=\"twitter:card\" content=\"summary_large_image\" \/>\n<meta name=\"twitter:label1\" content=\"Est. reading time\" \/>\n\t<meta name=\"twitter:data1\" content=\"3 minutes\" \/>\n<script type=\"application\/ld+json\" class=\"yoast-schema-graph\">{\"@context\":\"https:\/\/schema.org\",\"@graph\":[{\"@type\":\"WebPage\",\"@id\":\"https:\/\/bakuautomation.com\/must%c9%99ril%c9%99r-t%c9%99r%c9%99fdaslar-v%c9%99-maliyy%c9%99-qurumlari\/\",\"url\":\"https:\/\/bakuautomation.com\/must%c9%99ril%c9%99r-t%c9%99r%c9%99fdaslar-v%c9%99-maliyy%c9%99-qurumlari\/\",\"name\":\"M\u00fc\u015ft\u0259ril\u0259r, T\u0259r\u0259fda\u015flar v\u0259 Maliyy\u0259 Qurumlar\u0131 - BakuAutomation\",\"isPartOf\":{\"@id\":\"https:\/\/bakuautomation.com\/#website\"},\"primaryImageOfPage\":{\"@id\":\"https:\/\/bakuautomation.com\/must%c9%99ril%c9%99r-t%c9%99r%c9%99fdaslar-v%c9%99-maliyy%c9%99-qurumlari\/#primaryimage\"},\"image\":{\"@id\":\"https:\/\/bakuautomation.com\/must%c9%99ril%c9%99r-t%c9%99r%c9%99fdaslar-v%c9%99-maliyy%c9%99-qurumlari\/#primaryimage\"},\"thumbnailUrl\":\"https:\/\/bakuautomation.com\/demo\/wp-content\/uploads\/2024\/01\/balogos-11.jpg\",\"datePublished\":\"2023-11-23T10:56:21+00:00\",\"dateModified\":\"2026-04-14T10:21:37+00:00\",\"breadcrumb\":{\"@id\":\"https:\/\/bakuautomation.com\/must%c9%99ril%c9%99r-t%c9%99r%c9%99fdaslar-v%c9%99-maliyy%c9%99-qurumlari\/#breadcrumb\"},\"inLanguage\":\"en-US\",\"potentialAction\":[{\"@type\":\"ReadAction\",\"target\":[\"https:\/\/bakuautomation.com\/must%c9%99ril%c9%99r-t%c9%99r%c9%99fdaslar-v%c9%99-maliyy%c9%99-qurumlari\/\"]}]},{\"@type\":\"ImageObject\",\"inLanguage\":\"en-US\",\"@id\":\"https:\/\/bakuautomation.com\/must%c9%99ril%c9%99r-t%c9%99r%c9%99fdaslar-v%c9%99-maliyy%c9%99-qurumlari\/#primaryimage\",\"url\":\"https:\/\/bakuautomation.com\/demo\/wp-content\/uploads\/2024\/01\/balogos-11.jpg\",\"contentUrl\":\"https:\/\/bakuautomation.com\/demo\/wp-content\/uploads\/2024\/01\/balogos-11.jpg\"},{\"@type\":\"BreadcrumbList\",\"@id\":\"https:\/\/bakuautomation.com\/must%c9%99ril%c9%99r-t%c9%99r%c9%99fdaslar-v%c9%99-maliyy%c9%99-qurumlari\/#breadcrumb\",\"itemListElement\":[{\"@type\":\"ListItem\",\"position\":1,\"name\":\"Home\",\"item\":\"https:\/\/bakuautomation.com\/\"},{\"@type\":\"ListItem\",\"position\":2,\"name\":\"M\u00fc\u015ft\u0259ril\u0259r, T\u0259r\u0259fda\u015flar v\u0259 Maliyy\u0259 Qurumlar\u0131\"}]},{\"@type\":\"WebSite\",\"@id\":\"https:\/\/bakuautomation.com\/#website\",\"url\":\"https:\/\/bakuautomation.com\/\",\"name\":\"BakuAutomation\",\"description\":\"Automation\",\"publisher\":{\"@id\":\"https:\/\/bakuautomation.com\/#organization\"},\"potentialAction\":[{\"@type\":\"SearchAction\",\"target\":{\"@type\":\"EntryPoint\",\"urlTemplate\":\"https:\/\/bakuautomation.com\/?s={search_term_string}\"},\"query-input\":{\"@type\":\"PropertyValueSpecification\",\"valueRequired\":true,\"valueName\":\"search_term_string\"}}],\"inLanguage\":\"en-US\"},{\"@type\":\"Organization\",\"@id\":\"https:\/\/bakuautomation.com\/#organization\",\"name\":\"BakuAutomation\",\"url\":\"https:\/\/bakuautomation.com\/\",\"logo\":{\"@type\":\"ImageObject\",\"inLanguage\":\"en-US\",\"@id\":\"https:\/\/bakuautomation.com\/#\/schema\/logo\/image\/\",\"url\":\"https:\/\/bakuautomation.com\/wp-content\/uploads\/2023\/12\/cropped-bakuauto-logo.png\",\"contentUrl\":\"https:\/\/bakuautomation.com\/wp-content\/uploads\/2023\/12\/cropped-bakuauto-logo.png\",\"width\":2866,\"height\":679,\"caption\":\"BakuAutomation\"},\"image\":{\"@id\":\"https:\/\/bakuautomation.com\/#\/schema\/logo\/image\/\"}}]}<\/script>\n<!-- \/ Yoast SEO plugin. -->","yoast_head_json":{"title":"M\u00fc\u015ft\u0259ril\u0259r, T\u0259r\u0259fda\u015flar v\u0259 Maliyy\u0259 Qurumlar\u0131 - BakuAutomation","robots":{"index":"index","follow":"follow","max-snippet":"max-snippet:-1","max-image-preview":"max-image-preview:large","max-video-preview":"max-video-preview:-1"},"canonical":"https:\/\/bakuautomation.com\/en\/must\u0259ril\u0259r-t\u0259r\u0259fdaslar-v\u0259-maliyy\u0259-qurumlari\/","og_locale":"en_US","og_type":"article","og_title":"M\u00fc\u015ft\u0259ril\u0259r, T\u0259r\u0259fda\u015flar v\u0259 Maliyy\u0259 Qurumlar\u0131 - BakuAutomation","og_description":"M\u00fc\u015ft\u0259ril\u0259r, T\u0259r\u0259fda\u015flar v\u0259 Maliyy\u0259 Qurumlar\u0131","og_url":"https:\/\/bakuautomation.com\/en\/must\u0259ril\u0259r-t\u0259r\u0259fdaslar-v\u0259-maliyy\u0259-qurumlari\/","og_site_name":"BakuAutomation","article_modified_time":"2026-04-14T10:21:37+00:00","og_image":[{"url":"https:\/\/bakuautomation.com\/demo\/wp-content\/uploads\/2024\/01\/balogos-11.jpg","type":"","width":"","height":""}],"twitter_card":"summary_large_image","twitter_misc":{"Est. reading time":"3 minutes"},"schema":{"@context":"https:\/\/schema.org","@graph":[{"@type":"WebPage","@id":"https:\/\/bakuautomation.com\/must%c9%99ril%c9%99r-t%c9%99r%c9%99fdaslar-v%c9%99-maliyy%c9%99-qurumlari\/","url":"https:\/\/bakuautomation.com\/must%c9%99ril%c9%99r-t%c9%99r%c9%99fdaslar-v%c9%99-maliyy%c9%99-qurumlari\/","name":"M\u00fc\u015ft\u0259ril\u0259r, T\u0259r\u0259fda\u015flar v\u0259 Maliyy\u0259 Qurumlar\u0131 - BakuAutomation","isPartOf":{"@id":"https:\/\/bakuautomation.com\/#website"},"primaryImageOfPage":{"@id":"https:\/\/bakuautomation.com\/must%c9%99ril%c9%99r-t%c9%99r%c9%99fdaslar-v%c9%99-maliyy%c9%99-qurumlari\/#primaryimage"},"image":{"@id":"https:\/\/bakuautomation.com\/must%c9%99ril%c9%99r-t%c9%99r%c9%99fdaslar-v%c9%99-maliyy%c9%99-qurumlari\/#primaryimage"},"thumbnailUrl":"https:\/\/bakuautomation.com\/demo\/wp-content\/uploads\/2024\/01\/balogos-11.jpg","datePublished":"2023-11-23T10:56:21+00:00","dateModified":"2026-04-14T10:21:37+00:00","breadcrumb":{"@id":"https:\/\/bakuautomation.com\/must%c9%99ril%c9%99r-t%c9%99r%c9%99fdaslar-v%c9%99-maliyy%c9%99-qurumlari\/#breadcrumb"},"inLanguage":"en-US","potentialAction":[{"@type":"ReadAction","target":["https:\/\/bakuautomation.com\/must%c9%99ril%c9%99r-t%c9%99r%c9%99fdaslar-v%c9%99-maliyy%c9%99-qurumlari\/"]}]},{"@type":"ImageObject","inLanguage":"en-US","@id":"https:\/\/bakuautomation.com\/must%c9%99ril%c9%99r-t%c9%99r%c9%99fdaslar-v%c9%99-maliyy%c9%99-qurumlari\/#primaryimage","url":"https:\/\/bakuautomation.com\/demo\/wp-content\/uploads\/2024\/01\/balogos-11.jpg","contentUrl":"https:\/\/bakuautomation.com\/demo\/wp-content\/uploads\/2024\/01\/balogos-11.jpg"},{"@type":"BreadcrumbList","@id":"https:\/\/bakuautomation.com\/must%c9%99ril%c9%99r-t%c9%99r%c9%99fdaslar-v%c9%99-maliyy%c9%99-qurumlari\/#breadcrumb","itemListElement":[{"@type":"ListItem","position":1,"name":"Home","item":"https:\/\/bakuautomation.com\/"},{"@type":"ListItem","position":2,"name":"M\u00fc\u015ft\u0259ril\u0259r, T\u0259r\u0259fda\u015flar v\u0259 Maliyy\u0259 Qurumlar\u0131"}]},{"@type":"WebSite","@id":"https:\/\/bakuautomation.com\/#website","url":"https:\/\/bakuautomation.com\/","name":"BakuAutomation","description":"Automation","publisher":{"@id":"https:\/\/bakuautomation.com\/#organization"},"potentialAction":[{"@type":"SearchAction","target":{"@type":"EntryPoint","urlTemplate":"https:\/\/bakuautomation.com\/?s={search_term_string}"},"query-input":{"@type":"PropertyValueSpecification","valueRequired":true,"valueName":"search_term_string"}}],"inLanguage":"en-US"},{"@type":"Organization","@id":"https:\/\/bakuautomation.com\/#organization","name":"BakuAutomation","url":"https:\/\/bakuautomation.com\/","logo":{"@type":"ImageObject","inLanguage":"en-US","@id":"https:\/\/bakuautomation.com\/#\/schema\/logo\/image\/","url":"https:\/\/bakuautomation.com\/wp-content\/uploads\/2023\/12\/cropped-bakuauto-logo.png","contentUrl":"https:\/\/bakuautomation.com\/wp-content\/uploads\/2023\/12\/cropped-bakuauto-logo.png","width":2866,"height":679,"caption":"BakuAutomation"},"image":{"@id":"https:\/\/bakuautomation.com\/#\/schema\/logo\/image\/"}}]}},"_links":{"self":[{"href":"https:\/\/bakuautomation.com\/en\/wp-json\/wp\/v2\/pages\/2835","targetHints":{"allow":["GET"]}}],"collection":[{"href":"https:\/\/bakuautomation.com\/en\/wp-json\/wp\/v2\/pages"}],"about":[{"href":"https:\/\/bakuautomation.com\/en\/wp-json\/wp\/v2\/types\/page"}],"author":[{"embeddable":true,"href":"https:\/\/bakuautomation.com\/en\/wp-json\/wp\/v2\/users\/1"}],"replies":[{"embeddable":true,"href":"https:\/\/bakuautomation.com\/en\/wp-json\/wp\/v2\/comments?post=2835"}],"version-history":[{"count":4,"href":"https:\/\/bakuautomation.com\/en\/wp-json\/wp\/v2\/pages\/2835\/revisions"}],"predecessor-version":[{"id":3292,"href":"https:\/\/bakuautomation.com\/en\/wp-json\/wp\/v2\/pages\/2835\/revisions\/3292"}],"wp:attachment":[{"href":"https:\/\/bakuautomation.com\/en\/wp-json\/wp\/v2\/media?parent=2835"}],"curies":[{"name":"wp","href":"https:\/\/api.w.org\/{rel}","templated":true}]}}