{"id":2837,"date":"2023-11-23T14:56:58","date_gmt":"2023-11-23T10:56:58","guid":{"rendered":"https:\/\/bakuautomation.com\/demo\/?page_id=2837"},"modified":"2026-04-14T14:21:37","modified_gmt":"2026-04-14T10:21:37","slug":"n%c9%99qliyyat-infrastukturu","status":"publish","type":"page","link":"https:\/\/bakuautomation.com\/en\/n%c9%99qliyyat-infrastukturu\/","title":{"rendered":"Transport Infrastructure"},"content":{"rendered":"<div data-elementor-type=\"wp-page\" data-elementor-id=\"2837\" class=\"elementor elementor-2837\" data-elementor-post-type=\"page\">\n\t\t\t\t<div class=\"elementor-element elementor-element-fa50707 e-con-full e-flex wpr-particle-no wpr-jarallax-no wpr-parallax-no wpr-sticky-section-no e-con e-parent\" data-id=\"fa50707\" data-element_type=\"container\" data-e-type=\"container\" data-settings=\"{&quot;background_background&quot;:&quot;classic&quot;}\">\n\t\t\t\t<div class=\"elementor-element elementor-element-5f3e875 elementor-widget elementor-widget-heading\" data-id=\"5f3e875\" data-element_type=\"widget\" data-e-type=\"widget\" data-widget_type=\"heading.default\">\n\t\t\t\t<div class=\"elementor-widget-container\">\n\t\t\t\t\t<h2 class=\"elementor-heading-title elementor-size-default\">Transport Infrastructure<\/h2>\t\t\t\t<\/div>\n\t\t\t\t<\/div>\n\t\t\t\t<\/div>\n\t\t<div class=\"elementor-element elementor-element-9239a81 e-flex e-con-boxed wpr-particle-no wpr-jarallax-no wpr-parallax-no wpr-sticky-section-no e-con e-parent\" data-id=\"9239a81\" data-element_type=\"container\" data-e-type=\"container\">\n\t\t\t\t\t<div class=\"e-con-inner\">\n\t\t<div class=\"elementor-element elementor-element-8b03129 e-con-full e-flex wpr-particle-no wpr-jarallax-no wpr-parallax-no wpr-sticky-section-no e-con e-child\" data-id=\"8b03129\" data-element_type=\"container\" data-e-type=\"container\">\n\t\t\t\t<div class=\"elementor-element elementor-element-6fbd002 wpr-promo-box-style-cover elementor-widget elementor-widget-wpr-promo-box\" data-id=\"6fbd002\" data-element_type=\"widget\" data-e-type=\"widget\" data-widget_type=\"wpr-promo-box.default\">\n\t\t\t\t<div class=\"elementor-widget-container\">\n\t\t\t\t\t\n\t\t<div class=\"wpr-promo-box wpr-animation-wrap\">\n\n\t\t\t\t\t\t\t\n\t\t\t\t\t\t\t<div class=\"wpr-promo-box-image\">\n\t\t\t\t\t<div class=\"wpr-promo-box-bg-image wpr-bg-anim-zoom-in wpr-anim-timing-ease-default\" style=\"background-image:url(https:\/\/bakuautomation.com\/wp-content\/uploads\/2023\/12\/tunel.jpeg);\"><\/div>\n\t\t\t\t\t<div class=\"wpr-promo-box-bg-overlay wpr-border-anim-jazz\"><\/div>\n\t\t\t\t<\/div>\n\t\t\t\t\t\t\n\t\t\t<div class=\"wpr-promo-box-content\">\n\n\t\t\t\t\t\t\t\t<div class=\"wpr-promo-box-icon\">\n\t\t\t\t\t\t\t\t\t<\/div>\n\t\t\t\t\n\t\t\t\t<h3 class=\"wpr-promo-box-title\"><span>Tunnel<\/span><\/h3>\n\t\t\t\t\n\t\t\t\t\t\t\t<\/div>\n\n\t\t\t\t\t<\/div>\n\n\t\t\t\t\t\t<\/div>\n\t\t\t\t<\/div>\n\t\t\t\t<\/div>\n\t\t<div class=\"elementor-element elementor-element-a3753ac e-con-full e-flex wpr-particle-no wpr-jarallax-no wpr-parallax-no wpr-sticky-section-no e-con e-child\" data-id=\"a3753ac\" data-element_type=\"container\" data-e-type=\"container\">\n\t\t\t\t<div class=\"elementor-element elementor-element-97dc2e5 wpr-promo-box-style-cover elementor-widget elementor-widget-wpr-promo-box\" data-id=\"97dc2e5\" data-element_type=\"widget\" data-e-type=\"widget\" data-widget_type=\"wpr-promo-box.default\">\n\t\t\t\t<div class=\"elementor-widget-container\">\n\t\t\t\t\t\n\t\t<div class=\"wpr-promo-box wpr-animation-wrap\">\n\n\t\t\t\t\t\t\t\n\t\t\t\t\t\t\t<div class=\"wpr-promo-box-image\">\n\t\t\t\t\t<div class=\"wpr-promo-box-bg-image wpr-bg-anim-zoom-in wpr-anim-timing-ease-default\" style=\"background-image:url(https:\/\/bakuautomation.com\/wp-content\/uploads\/2023\/12\/korpu.jpeg);\"><\/div>\n\t\t\t\t\t<div class=\"wpr-promo-box-bg-overlay wpr-border-anim-jazz\"><\/div>\n\t\t\t\t<\/div>\n\t\t\t\t\t\t\n\t\t\t<div class=\"wpr-promo-box-content\">\n\n\t\t\t\t\t\t\t\t<div class=\"wpr-promo-box-icon\">\n\t\t\t\t\t\t\t\t\t<\/div>\n\t\t\t\t\n\t\t\t\t<h3 class=\"wpr-promo-box-title\"><span>Bridge<\/span><\/h3>\n\t\t\t\t\n\t\t\t\t\t\t\t<\/div>\n\n\t\t\t\t\t<\/div>\n\n\t\t\t\t\t\t<\/div>\n\t\t\t\t<\/div>\n\t\t\t\t<\/div>\n\t\t<div class=\"elementor-element elementor-element-bb82fa6 e-con-full e-flex wpr-particle-no wpr-jarallax-no wpr-parallax-no wpr-sticky-section-no e-con e-child\" data-id=\"bb82fa6\" data-element_type=\"container\" data-e-type=\"container\">\n\t\t\t\t<div class=\"elementor-element elementor-element-e01cdba wpr-promo-box-style-cover elementor-widget elementor-widget-wpr-promo-box\" data-id=\"e01cdba\" data-element_type=\"widget\" data-e-type=\"widget\" data-widget_type=\"wpr-promo-box.default\">\n\t\t\t\t<div class=\"elementor-widget-container\">\n\t\t\t\t\t\n\t\t<div class=\"wpr-promo-box wpr-animation-wrap\">\n\n\t\t\t\t\t\t\t\n\t\t\t\t\t\t\t<div class=\"wpr-promo-box-image\">\n\t\t\t\t\t<div class=\"wpr-promo-box-bg-image wpr-bg-anim-zoom-in wpr-anim-timing-ease-default\" style=\"background-image:url(https:\/\/bakuautomation.com\/wp-content\/uploads\/2023\/12\/yol.jpeg);\"><\/div>\n\t\t\t\t\t<div class=\"wpr-promo-box-bg-overlay wpr-border-anim-jazz\"><\/div>\n\t\t\t\t<\/div>\n\t\t\t\t\t\t\n\t\t\t<div class=\"wpr-promo-box-content\">\n\n\t\t\t\t\t\t\t\t<div class=\"wpr-promo-box-icon\">\n\t\t\t\t\t\t\t\t\t<\/div>\n\t\t\t\t\n\t\t\t\t<h3 class=\"wpr-promo-box-title\"><span>Road<\/span><\/h3>\n\t\t\t\t\n\t\t\t\t\t\t\t<\/div>\n\n\t\t\t\t\t<\/div>\n\n\t\t\t\t\t\t<\/div>\n\t\t\t\t<\/div>\n\t\t\t\t<\/div>\n\t\t\t\t\t<\/div>\n\t\t\t\t<\/div>\n\t\t\t\t<\/div>","protected":false},"excerpt":{"rendered":"<p>N\u0259qliyyat \u0130nfrastukturu Tunel K\u00f6rp\u00fc Yol<\/p>","protected":false},"author":1,"featured_media":0,"parent":0,"menu_order":0,"comment_status":"closed","ping_status":"closed","template":"elementor_header_footer","meta":{"nf_dc_page":"","footnotes":""},"class_list":["post-2837","page","type-page","status-publish","hentry"],"yoast_head":"<!-- This site is optimized with the Yoast SEO plugin v27.2 - https:\/\/yoast.com\/product\/yoast-seo-wordpress\/ -->\n<title>N\u0259qliyyat \u0130nfrastukturu - BakuAutomation<\/title>\n<meta name=\"robots\" content=\"index, follow, max-snippet:-1, max-image-preview:large, max-video-preview:-1\" \/>\n<link rel=\"canonical\" href=\"https:\/\/bakuautomation.com\/en\/n\u0259qliyyat-infrastukturu\/\" \/>\n<meta property=\"og:locale\" content=\"en_US\" \/>\n<meta property=\"og:type\" content=\"article\" \/>\n<meta property=\"og:title\" content=\"N\u0259qliyyat \u0130nfrastukturu - BakuAutomation\" \/>\n<meta property=\"og:description\" content=\"N\u0259qliyyat \u0130nfrastukturu Tunel K\u00f6rp\u00fc Yol\" \/>\n<meta property=\"og:url\" content=\"https:\/\/bakuautomation.com\/en\/n\u0259qliyyat-infrastukturu\/\" \/>\n<meta property=\"og:site_name\" content=\"BakuAutomation\" \/>\n<meta property=\"article:modified_time\" content=\"2026-04-14T10:21:37+00:00\" \/>\n<meta name=\"twitter:card\" content=\"summary_large_image\" \/>\n<meta name=\"twitter:label1\" content=\"Est. reading time\" \/>\n\t<meta name=\"twitter:data1\" content=\"1 minute\" \/>\n<script type=\"application\/ld+json\" class=\"yoast-schema-graph\">{\"@context\":\"https:\/\/schema.org\",\"@graph\":[{\"@type\":\"WebPage\",\"@id\":\"https:\/\/bakuautomation.com\/n%c9%99qliyyat-infrastukturu\/\",\"url\":\"https:\/\/bakuautomation.com\/n%c9%99qliyyat-infrastukturu\/\",\"name\":\"N\u0259qliyyat \u0130nfrastukturu - BakuAutomation\",\"isPartOf\":{\"@id\":\"https:\/\/bakuautomation.com\/#website\"},\"datePublished\":\"2023-11-23T10:56:58+00:00\",\"dateModified\":\"2026-04-14T10:21:37+00:00\",\"breadcrumb\":{\"@id\":\"https:\/\/bakuautomation.com\/n%c9%99qliyyat-infrastukturu\/#breadcrumb\"},\"inLanguage\":\"en-US\",\"potentialAction\":[{\"@type\":\"ReadAction\",\"target\":[\"https:\/\/bakuautomation.com\/n%c9%99qliyyat-infrastukturu\/\"]}]},{\"@type\":\"BreadcrumbList\",\"@id\":\"https:\/\/bakuautomation.com\/n%c9%99qliyyat-infrastukturu\/#breadcrumb\",\"itemListElement\":[{\"@type\":\"ListItem\",\"position\":1,\"name\":\"Home\",\"item\":\"https:\/\/bakuautomation.com\/\"},{\"@type\":\"ListItem\",\"position\":2,\"name\":\"N\u0259qliyyat \u0130nfrastukturu\"}]},{\"@type\":\"WebSite\",\"@id\":\"https:\/\/bakuautomation.com\/#website\",\"url\":\"https:\/\/bakuautomation.com\/\",\"name\":\"BakuAutomation\",\"description\":\"Automation\",\"publisher\":{\"@id\":\"https:\/\/bakuautomation.com\/#organization\"},\"potentialAction\":[{\"@type\":\"SearchAction\",\"target\":{\"@type\":\"EntryPoint\",\"urlTemplate\":\"https:\/\/bakuautomation.com\/?s={search_term_string}\"},\"query-input\":{\"@type\":\"PropertyValueSpecification\",\"valueRequired\":true,\"valueName\":\"search_term_string\"}}],\"inLanguage\":\"en-US\"},{\"@type\":\"Organization\",\"@id\":\"https:\/\/bakuautomation.com\/#organization\",\"name\":\"BakuAutomation\",\"url\":\"https:\/\/bakuautomation.com\/\",\"logo\":{\"@type\":\"ImageObject\",\"inLanguage\":\"en-US\",\"@id\":\"https:\/\/bakuautomation.com\/#\/schema\/logo\/image\/\",\"url\":\"https:\/\/bakuautomation.com\/wp-content\/uploads\/2023\/12\/cropped-bakuauto-logo.png\",\"contentUrl\":\"https:\/\/bakuautomation.com\/wp-content\/uploads\/2023\/12\/cropped-bakuauto-logo.png\",\"width\":2866,\"height\":679,\"caption\":\"BakuAutomation\"},\"image\":{\"@id\":\"https:\/\/bakuautomation.com\/#\/schema\/logo\/image\/\"}}]}<\/script>\n<!-- \/ Yoast SEO plugin. -->","yoast_head_json":{"title":"N\u0259qliyyat \u0130nfrastukturu - BakuAutomation","robots":{"index":"index","follow":"follow","max-snippet":"max-snippet:-1","max-image-preview":"max-image-preview:large","max-video-preview":"max-video-preview:-1"},"canonical":"https:\/\/bakuautomation.com\/en\/n\u0259qliyyat-infrastukturu\/","og_locale":"en_US","og_type":"article","og_title":"N\u0259qliyyat \u0130nfrastukturu - BakuAutomation","og_description":"N\u0259qliyyat \u0130nfrastukturu Tunel K\u00f6rp\u00fc Yol","og_url":"https:\/\/bakuautomation.com\/en\/n\u0259qliyyat-infrastukturu\/","og_site_name":"BakuAutomation","article_modified_time":"2026-04-14T10:21:37+00:00","twitter_card":"summary_large_image","twitter_misc":{"Est. reading time":"1 minute"},"schema":{"@context":"https:\/\/schema.org","@graph":[{"@type":"WebPage","@id":"https:\/\/bakuautomation.com\/n%c9%99qliyyat-infrastukturu\/","url":"https:\/\/bakuautomation.com\/n%c9%99qliyyat-infrastukturu\/","name":"N\u0259qliyyat \u0130nfrastukturu - BakuAutomation","isPartOf":{"@id":"https:\/\/bakuautomation.com\/#website"},"datePublished":"2023-11-23T10:56:58+00:00","dateModified":"2026-04-14T10:21:37+00:00","breadcrumb":{"@id":"https:\/\/bakuautomation.com\/n%c9%99qliyyat-infrastukturu\/#breadcrumb"},"inLanguage":"en-US","potentialAction":[{"@type":"ReadAction","target":["https:\/\/bakuautomation.com\/n%c9%99qliyyat-infrastukturu\/"]}]},{"@type":"BreadcrumbList","@id":"https:\/\/bakuautomation.com\/n%c9%99qliyyat-infrastukturu\/#breadcrumb","itemListElement":[{"@type":"ListItem","position":1,"name":"Home","item":"https:\/\/bakuautomation.com\/"},{"@type":"ListItem","position":2,"name":"N\u0259qliyyat \u0130nfrastukturu"}]},{"@type":"WebSite","@id":"https:\/\/bakuautomation.com\/#website","url":"https:\/\/bakuautomation.com\/","name":"BakuAutomation","description":"Automation","publisher":{"@id":"https:\/\/bakuautomation.com\/#organization"},"potentialAction":[{"@type":"SearchAction","target":{"@type":"EntryPoint","urlTemplate":"https:\/\/bakuautomation.com\/?s={search_term_string}"},"query-input":{"@type":"PropertyValueSpecification","valueRequired":true,"valueName":"search_term_string"}}],"inLanguage":"en-US"},{"@type":"Organization","@id":"https:\/\/bakuautomation.com\/#organization","name":"BakuAutomation","url":"https:\/\/bakuautomation.com\/","logo":{"@type":"ImageObject","inLanguage":"en-US","@id":"https:\/\/bakuautomation.com\/#\/schema\/logo\/image\/","url":"https:\/\/bakuautomation.com\/wp-content\/uploads\/2023\/12\/cropped-bakuauto-logo.png","contentUrl":"https:\/\/bakuautomation.com\/wp-content\/uploads\/2023\/12\/cropped-bakuauto-logo.png","width":2866,"height":679,"caption":"BakuAutomation"},"image":{"@id":"https:\/\/bakuautomation.com\/#\/schema\/logo\/image\/"}}]}},"_links":{"self":[{"href":"https:\/\/bakuautomation.com\/en\/wp-json\/wp\/v2\/pages\/2837","targetHints":{"allow":["GET"]}}],"collection":[{"href":"https:\/\/bakuautomation.com\/en\/wp-json\/wp\/v2\/pages"}],"about":[{"href":"https:\/\/bakuautomation.com\/en\/wp-json\/wp\/v2\/types\/page"}],"author":[{"embeddable":true,"href":"https:\/\/bakuautomation.com\/en\/wp-json\/wp\/v2\/users\/1"}],"replies":[{"embeddable":true,"href":"https:\/\/bakuautomation.com\/en\/wp-json\/wp\/v2\/comments?post=2837"}],"version-history":[{"count":5,"href":"https:\/\/bakuautomation.com\/en\/wp-json\/wp\/v2\/pages\/2837\/revisions"}],"predecessor-version":[{"id":3092,"href":"https:\/\/bakuautomation.com\/en\/wp-json\/wp\/v2\/pages\/2837\/revisions\/3092"}],"wp:attachment":[{"href":"https:\/\/bakuautomation.com\/en\/wp-json\/wp\/v2\/media?parent=2837"}],"curies":[{"name":"wp","href":"https:\/\/api.w.org\/{rel}","templated":true}]}}