{"id":2845,"date":"2023-11-23T14:58:57","date_gmt":"2023-11-23T10:58:57","guid":{"rendered":"https:\/\/bakuautomation.com\/demo\/?page_id=2845"},"modified":"2026-04-14T14:21:36","modified_gmt":"2026-04-14T10:21:36","slug":"layih%c9%99-idar%c9%99etm%c9%99-v%c9%99-muh%c9%99ndislik","status":"publish","type":"page","link":"https:\/\/bakuautomation.com\/en\/layih%c9%99-idar%c9%99etm%c9%99-v%c9%99-muh%c9%99ndislik\/","title":{"rendered":"Management and Engineering Project"},"content":{"rendered":"<div data-elementor-type=\"wp-page\" data-elementor-id=\"2845\" class=\"elementor elementor-2845\" data-elementor-post-type=\"page\">\n\t\t\t\t<div class=\"elementor-element elementor-element-8f97edb e-con-full e-flex wpr-particle-no wpr-jarallax-no wpr-parallax-no wpr-sticky-section-no e-con e-parent\" data-id=\"8f97edb\" data-element_type=\"container\" data-e-type=\"container\" data-settings=\"{&quot;background_background&quot;:&quot;classic&quot;}\">\n\t\t\t\t<div class=\"elementor-element elementor-element-848fa18 elementor-widget elementor-widget-heading\" data-id=\"848fa18\" data-element_type=\"widget\" data-e-type=\"widget\" data-widget_type=\"heading.default\">\n\t\t\t\t<div class=\"elementor-widget-container\">\n\t\t\t\t\t<h2 class=\"elementor-heading-title elementor-size-default\">Management and Engineering Project<\/h2>\t\t\t\t<\/div>\n\t\t\t\t<\/div>\n\t\t\t\t<\/div>\n\t\t<div class=\"elementor-element elementor-element-1b9b17b e-flex e-con-boxed wpr-particle-no wpr-jarallax-no wpr-parallax-no wpr-sticky-section-no e-con e-parent\" data-id=\"1b9b17b\" data-element_type=\"container\" data-e-type=\"container\">\n\t\t\t\t\t<div class=\"e-con-inner\">\n\t\t<div class=\"elementor-element elementor-element-b8e0b06 e-con-full e-flex wpr-particle-no wpr-jarallax-no wpr-parallax-no wpr-sticky-section-no e-con e-child\" data-id=\"b8e0b06\" data-element_type=\"container\" data-e-type=\"container\">\n\t\t\t\t<div class=\"elementor-element elementor-element-cb5ca0b elementor-widget elementor-widget-image\" data-id=\"cb5ca0b\" data-element_type=\"widget\" data-e-type=\"widget\" data-widget_type=\"image.default\">\n\t\t\t\t<div class=\"elementor-widget-container\">\n\t\t\t\t\t\t\t\t\t\t\t\t\t\t\t<img fetchpriority=\"high\" decoding=\"async\" width=\"980\" height=\"562\" src=\"https:\/\/bakuautomation.com\/wp-content\/uploads\/2023\/12\/photo13-980x562.jpg\" class=\"attachment-large size-large wp-image-3121\" alt=\"\" \/>\t\t\t\t\t\t\t\t\t\t\t\t\t\t\t<\/div>\n\t\t\t\t<\/div>\n\t\t\t\t<\/div>\n\t\t<div class=\"elementor-element elementor-element-0b0878b e-con-full e-flex wpr-particle-no wpr-jarallax-no wpr-parallax-no wpr-sticky-section-no e-con e-child\" data-id=\"0b0878b\" data-element_type=\"container\" data-e-type=\"container\">\n\t\t\t\t<div class=\"elementor-element elementor-element-28f70e8 elementor-widget elementor-widget-text-editor\" data-id=\"28f70e8\" data-element_type=\"widget\" data-e-type=\"widget\" data-widget_type=\"text-editor.default\">\n\t\t\t\t<div class=\"elementor-widget-container\">\n\t\t\t\t\t\t\t\t\t<p>We, with our expert specialists and professional staff, create a group of integrated services that we confidently ensure that your project achieves its corporate goals. Our team combines the following qualities in the implementation of constructions:<\/p><p>\u2013 Meet changing business demands by finding the right solutions to protect your interests;<\/p><p>\u2013 Applying appropriate services from relevant organizations to ensure the design and construction of your work, taking into account your needs;<\/p><p>\u2013 Ensuring compliance with local and foreign standards;<\/p><p>\u2013  To protect the client's budget and meet their requirements;<\/p>\t\t\t\t\t\t\t\t<\/div>\n\t\t\t\t<\/div>\n\t\t\t\t<\/div>\n\t\t\t\t\t<\/div>\n\t\t\t\t<\/div>\n\t\t<div class=\"elementor-element elementor-element-4e6cdc9 e-flex e-con-boxed wpr-particle-no wpr-jarallax-no wpr-parallax-no wpr-sticky-section-no e-con e-parent\" data-id=\"4e6cdc9\" data-element_type=\"container\" data-e-type=\"container\">\n\t\t\t\t\t<div class=\"e-con-inner\">\n\t\t\t\t<div class=\"elementor-element elementor-element-21e784f elementor-widget elementor-widget-text-editor\" data-id=\"21e784f\" data-element_type=\"widget\" data-e-type=\"widget\" data-widget_type=\"text-editor.default\">\n\t\t\t\t<div class=\"elementor-widget-container\">\n\t\t\t\t\t\t\t\t\t<p>\u2013 Completing the project on time and within budget, adhering to the required standards;<\/p><p>\u2013 Adherence to consistent, correct and focused management;<\/p><p>\u2013 Minimize the impact of progress on ongoing projects;<\/p><p>\u2013 Increasing performance and creating entrepreneurial confidence;<\/p><p>Our project management services include planning, managing, controlling and executing projects on your behalf, ensuring that your corporate goals are achieved.\u00a0<\/p><p>\u2013 Providing guidance and expert advice to you and the project team;<\/p><p>\u2013 Protection of your interests from start to finish;<\/p><p>&#8211; Optimal h\u0259ll\u0259ri inki\u015faf etdir\u0259r\u0259k\u00a0 \u00e7al\u0131\u015fan komanda;<\/p><p>\u2013 Confidence in the successful delivery of the work;<\/p><p>At Baku Automation and Construction Group, all engineering and preparatory work is carried out in-house and the use of resources is optimized. The Engineering Services Department provides the company's building construction sector projects with a large amount of engineering services, such as structural design in construction. The volume of work of the Construction Business Group has increased many times in recent years. The company's team, consisting of chief engineers, civil engineers, design and structural engineers, has grown in line with demand. In order to improve the preparation of design and project drawings and to conduct more accurate analysis of technical data, the Construction Business Group has invested in the provision of first-class software applications.<\/p>\t\t\t\t\t\t\t\t<\/div>\n\t\t\t\t<\/div>\n\t\t\t\t\t<\/div>\n\t\t\t\t<\/div>\n\t\t\t\t<\/div>","protected":false},"excerpt":{"rendered":"<p>Layih\u0259 \u0130dar\u0259etm\u0259 v\u0259 M\u00fch\u0259ndislik Biz\u00a0 ekspert m\u00fct\u0259x\u0259ssisl\u0259rimiz v\u0259 pe\u015f\u0259kar heyy\u0259timiz il\u0259 yaratd\u0131\u011f\u0131m\u0131z bir qrup inteqrasiya olunmu\u015f xidm\u0259tl\u0259rimizl\u0259, \u0259minlikl\u0259 layih\u0259nizin \u00f6z korporativ h\u0259d\u0259fl\u0259rin\u0259 \u00e7atmas\u0131n\u0131\u00a0 t\u0259min edirik. Komandam\u0131z tikintil\u0259rin yerin\u0259 yetririlm\u0259sind\u0259 a\u015fa\u011f\u0131dak\u0131&hellip;<\/p>","protected":false},"author":1,"featured_media":0,"parent":0,"menu_order":0,"comment_status":"closed","ping_status":"closed","template":"elementor_header_footer","meta":{"nf_dc_page":"","footnotes":""},"class_list":["post-2845","page","type-page","status-publish","hentry"],"yoast_head":"<!-- This site is optimized with the Yoast SEO plugin v27.2 - https:\/\/yoast.com\/product\/yoast-seo-wordpress\/ -->\n<title>Layih\u0259 \u0130dar\u0259etm\u0259 v\u0259 M\u00fch\u0259ndislik - BakuAutomation<\/title>\n<meta name=\"robots\" content=\"index, follow, max-snippet:-1, max-image-preview:large, max-video-preview:-1\" \/>\n<link rel=\"canonical\" href=\"https:\/\/bakuautomation.com\/en\/layih\u0259-idar\u0259etm\u0259-v\u0259-muh\u0259ndislik\/\" \/>\n<meta property=\"og:locale\" content=\"en_US\" \/>\n<meta property=\"og:type\" content=\"article\" \/>\n<meta property=\"og:title\" content=\"Layih\u0259 \u0130dar\u0259etm\u0259 v\u0259 M\u00fch\u0259ndislik - BakuAutomation\" \/>\n<meta property=\"og:description\" content=\"Layih\u0259 \u0130dar\u0259etm\u0259 v\u0259 M\u00fch\u0259ndislik Biz\u00a0 ekspert m\u00fct\u0259x\u0259ssisl\u0259rimiz v\u0259 pe\u015f\u0259kar heyy\u0259timiz il\u0259 yaratd\u0131\u011f\u0131m\u0131z bir qrup inteqrasiya olunmu\u015f xidm\u0259tl\u0259rimizl\u0259, \u0259minlikl\u0259 layih\u0259nizin \u00f6z korporativ h\u0259d\u0259fl\u0259rin\u0259 \u00e7atmas\u0131n\u0131\u00a0 t\u0259min edirik. Komandam\u0131z tikintil\u0259rin yerin\u0259 yetririlm\u0259sind\u0259 a\u015fa\u011f\u0131dak\u0131&hellip;\" \/>\n<meta property=\"og:url\" content=\"https:\/\/bakuautomation.com\/en\/layih\u0259-idar\u0259etm\u0259-v\u0259-muh\u0259ndislik\/\" \/>\n<meta property=\"og:site_name\" content=\"BakuAutomation\" \/>\n<meta property=\"article:modified_time\" content=\"2026-04-14T10:21:36+00:00\" \/>\n<meta property=\"og:image\" content=\"https:\/\/bakuautomation.com\/demo\/wp-content\/uploads\/2023\/12\/photo13-980x562.jpg\" \/>\n<meta name=\"twitter:card\" content=\"summary_large_image\" \/>\n<meta name=\"twitter:label1\" content=\"Est. reading time\" \/>\n\t<meta name=\"twitter:data1\" content=\"2 minutes\" \/>\n<script type=\"application\/ld+json\" class=\"yoast-schema-graph\">{\"@context\":\"https:\/\/schema.org\",\"@graph\":[{\"@type\":\"WebPage\",\"@id\":\"https:\/\/bakuautomation.com\/layih%c9%99-idar%c9%99etm%c9%99-v%c9%99-muh%c9%99ndislik\/\",\"url\":\"https:\/\/bakuautomation.com\/layih%c9%99-idar%c9%99etm%c9%99-v%c9%99-muh%c9%99ndislik\/\",\"name\":\"Layih\u0259 \u0130dar\u0259etm\u0259 v\u0259 M\u00fch\u0259ndislik - BakuAutomation\",\"isPartOf\":{\"@id\":\"https:\/\/bakuautomation.com\/#website\"},\"primaryImageOfPage\":{\"@id\":\"https:\/\/bakuautomation.com\/layih%c9%99-idar%c9%99etm%c9%99-v%c9%99-muh%c9%99ndislik\/#primaryimage\"},\"image\":{\"@id\":\"https:\/\/bakuautomation.com\/layih%c9%99-idar%c9%99etm%c9%99-v%c9%99-muh%c9%99ndislik\/#primaryimage\"},\"thumbnailUrl\":\"https:\/\/bakuautomation.com\/demo\/wp-content\/uploads\/2023\/12\/photo13-980x562.jpg\",\"datePublished\":\"2023-11-23T10:58:57+00:00\",\"dateModified\":\"2026-04-14T10:21:36+00:00\",\"breadcrumb\":{\"@id\":\"https:\/\/bakuautomation.com\/layih%c9%99-idar%c9%99etm%c9%99-v%c9%99-muh%c9%99ndislik\/#breadcrumb\"},\"inLanguage\":\"en-US\",\"potentialAction\":[{\"@type\":\"ReadAction\",\"target\":[\"https:\/\/bakuautomation.com\/layih%c9%99-idar%c9%99etm%c9%99-v%c9%99-muh%c9%99ndislik\/\"]}]},{\"@type\":\"ImageObject\",\"inLanguage\":\"en-US\",\"@id\":\"https:\/\/bakuautomation.com\/layih%c9%99-idar%c9%99etm%c9%99-v%c9%99-muh%c9%99ndislik\/#primaryimage\",\"url\":\"https:\/\/bakuautomation.com\/demo\/wp-content\/uploads\/2023\/12\/photo13-980x562.jpg\",\"contentUrl\":\"https:\/\/bakuautomation.com\/demo\/wp-content\/uploads\/2023\/12\/photo13-980x562.jpg\"},{\"@type\":\"BreadcrumbList\",\"@id\":\"https:\/\/bakuautomation.com\/layih%c9%99-idar%c9%99etm%c9%99-v%c9%99-muh%c9%99ndislik\/#breadcrumb\",\"itemListElement\":[{\"@type\":\"ListItem\",\"position\":1,\"name\":\"Home\",\"item\":\"https:\/\/bakuautomation.com\/\"},{\"@type\":\"ListItem\",\"position\":2,\"name\":\"Layih\u0259 \u0130dar\u0259etm\u0259 v\u0259 M\u00fch\u0259ndislik\"}]},{\"@type\":\"WebSite\",\"@id\":\"https:\/\/bakuautomation.com\/#website\",\"url\":\"https:\/\/bakuautomation.com\/\",\"name\":\"BakuAutomation\",\"description\":\"Automation\",\"publisher\":{\"@id\":\"https:\/\/bakuautomation.com\/#organization\"},\"potentialAction\":[{\"@type\":\"SearchAction\",\"target\":{\"@type\":\"EntryPoint\",\"urlTemplate\":\"https:\/\/bakuautomation.com\/?s={search_term_string}\"},\"query-input\":{\"@type\":\"PropertyValueSpecification\",\"valueRequired\":true,\"valueName\":\"search_term_string\"}}],\"inLanguage\":\"en-US\"},{\"@type\":\"Organization\",\"@id\":\"https:\/\/bakuautomation.com\/#organization\",\"name\":\"BakuAutomation\",\"url\":\"https:\/\/bakuautomation.com\/\",\"logo\":{\"@type\":\"ImageObject\",\"inLanguage\":\"en-US\",\"@id\":\"https:\/\/bakuautomation.com\/#\/schema\/logo\/image\/\",\"url\":\"https:\/\/bakuautomation.com\/wp-content\/uploads\/2023\/12\/cropped-bakuauto-logo.png\",\"contentUrl\":\"https:\/\/bakuautomation.com\/wp-content\/uploads\/2023\/12\/cropped-bakuauto-logo.png\",\"width\":2866,\"height\":679,\"caption\":\"BakuAutomation\"},\"image\":{\"@id\":\"https:\/\/bakuautomation.com\/#\/schema\/logo\/image\/\"}}]}<\/script>\n<!-- \/ Yoast SEO plugin. -->","yoast_head_json":{"title":"Layih\u0259 \u0130dar\u0259etm\u0259 v\u0259 M\u00fch\u0259ndislik - BakuAutomation","robots":{"index":"index","follow":"follow","max-snippet":"max-snippet:-1","max-image-preview":"max-image-preview:large","max-video-preview":"max-video-preview:-1"},"canonical":"https:\/\/bakuautomation.com\/en\/layih\u0259-idar\u0259etm\u0259-v\u0259-muh\u0259ndislik\/","og_locale":"en_US","og_type":"article","og_title":"Layih\u0259 \u0130dar\u0259etm\u0259 v\u0259 M\u00fch\u0259ndislik - BakuAutomation","og_description":"Layih\u0259 \u0130dar\u0259etm\u0259 v\u0259 M\u00fch\u0259ndislik Biz\u00a0 ekspert m\u00fct\u0259x\u0259ssisl\u0259rimiz v\u0259 pe\u015f\u0259kar heyy\u0259timiz il\u0259 yaratd\u0131\u011f\u0131m\u0131z bir qrup inteqrasiya olunmu\u015f xidm\u0259tl\u0259rimizl\u0259, \u0259minlikl\u0259 layih\u0259nizin \u00f6z korporativ h\u0259d\u0259fl\u0259rin\u0259 \u00e7atmas\u0131n\u0131\u00a0 t\u0259min edirik. Komandam\u0131z tikintil\u0259rin yerin\u0259 yetririlm\u0259sind\u0259 a\u015fa\u011f\u0131dak\u0131&hellip;","og_url":"https:\/\/bakuautomation.com\/en\/layih\u0259-idar\u0259etm\u0259-v\u0259-muh\u0259ndislik\/","og_site_name":"BakuAutomation","article_modified_time":"2026-04-14T10:21:36+00:00","og_image":[{"url":"https:\/\/bakuautomation.com\/demo\/wp-content\/uploads\/2023\/12\/photo13-980x562.jpg","type":"","width":"","height":""}],"twitter_card":"summary_large_image","twitter_misc":{"Est. reading time":"2 minutes"},"schema":{"@context":"https:\/\/schema.org","@graph":[{"@type":"WebPage","@id":"https:\/\/bakuautomation.com\/layih%c9%99-idar%c9%99etm%c9%99-v%c9%99-muh%c9%99ndislik\/","url":"https:\/\/bakuautomation.com\/layih%c9%99-idar%c9%99etm%c9%99-v%c9%99-muh%c9%99ndislik\/","name":"Layih\u0259 \u0130dar\u0259etm\u0259 v\u0259 M\u00fch\u0259ndislik - BakuAutomation","isPartOf":{"@id":"https:\/\/bakuautomation.com\/#website"},"primaryImageOfPage":{"@id":"https:\/\/bakuautomation.com\/layih%c9%99-idar%c9%99etm%c9%99-v%c9%99-muh%c9%99ndislik\/#primaryimage"},"image":{"@id":"https:\/\/bakuautomation.com\/layih%c9%99-idar%c9%99etm%c9%99-v%c9%99-muh%c9%99ndislik\/#primaryimage"},"thumbnailUrl":"https:\/\/bakuautomation.com\/demo\/wp-content\/uploads\/2023\/12\/photo13-980x562.jpg","datePublished":"2023-11-23T10:58:57+00:00","dateModified":"2026-04-14T10:21:36+00:00","breadcrumb":{"@id":"https:\/\/bakuautomation.com\/layih%c9%99-idar%c9%99etm%c9%99-v%c9%99-muh%c9%99ndislik\/#breadcrumb"},"inLanguage":"en-US","potentialAction":[{"@type":"ReadAction","target":["https:\/\/bakuautomation.com\/layih%c9%99-idar%c9%99etm%c9%99-v%c9%99-muh%c9%99ndislik\/"]}]},{"@type":"ImageObject","inLanguage":"en-US","@id":"https:\/\/bakuautomation.com\/layih%c9%99-idar%c9%99etm%c9%99-v%c9%99-muh%c9%99ndislik\/#primaryimage","url":"https:\/\/bakuautomation.com\/demo\/wp-content\/uploads\/2023\/12\/photo13-980x562.jpg","contentUrl":"https:\/\/bakuautomation.com\/demo\/wp-content\/uploads\/2023\/12\/photo13-980x562.jpg"},{"@type":"BreadcrumbList","@id":"https:\/\/bakuautomation.com\/layih%c9%99-idar%c9%99etm%c9%99-v%c9%99-muh%c9%99ndislik\/#breadcrumb","itemListElement":[{"@type":"ListItem","position":1,"name":"Home","item":"https:\/\/bakuautomation.com\/"},{"@type":"ListItem","position":2,"name":"Layih\u0259 \u0130dar\u0259etm\u0259 v\u0259 M\u00fch\u0259ndislik"}]},{"@type":"WebSite","@id":"https:\/\/bakuautomation.com\/#website","url":"https:\/\/bakuautomation.com\/","name":"BakuAutomation","description":"Automation","publisher":{"@id":"https:\/\/bakuautomation.com\/#organization"},"potentialAction":[{"@type":"SearchAction","target":{"@type":"EntryPoint","urlTemplate":"https:\/\/bakuautomation.com\/?s={search_term_string}"},"query-input":{"@type":"PropertyValueSpecification","valueRequired":true,"valueName":"search_term_string"}}],"inLanguage":"en-US"},{"@type":"Organization","@id":"https:\/\/bakuautomation.com\/#organization","name":"BakuAutomation","url":"https:\/\/bakuautomation.com\/","logo":{"@type":"ImageObject","inLanguage":"en-US","@id":"https:\/\/bakuautomation.com\/#\/schema\/logo\/image\/","url":"https:\/\/bakuautomation.com\/wp-content\/uploads\/2023\/12\/cropped-bakuauto-logo.png","contentUrl":"https:\/\/bakuautomation.com\/wp-content\/uploads\/2023\/12\/cropped-bakuauto-logo.png","width":2866,"height":679,"caption":"BakuAutomation"},"image":{"@id":"https:\/\/bakuautomation.com\/#\/schema\/logo\/image\/"}}]}},"_links":{"self":[{"href":"https:\/\/bakuautomation.com\/en\/wp-json\/wp\/v2\/pages\/2845","targetHints":{"allow":["GET"]}}],"collection":[{"href":"https:\/\/bakuautomation.com\/en\/wp-json\/wp\/v2\/pages"}],"about":[{"href":"https:\/\/bakuautomation.com\/en\/wp-json\/wp\/v2\/types\/page"}],"author":[{"embeddable":true,"href":"https:\/\/bakuautomation.com\/en\/wp-json\/wp\/v2\/users\/1"}],"replies":[{"embeddable":true,"href":"https:\/\/bakuautomation.com\/en\/wp-json\/wp\/v2\/comments?post=2845"}],"version-history":[{"count":4,"href":"https:\/\/bakuautomation.com\/en\/wp-json\/wp\/v2\/pages\/2845\/revisions"}],"predecessor-version":[{"id":3124,"href":"https:\/\/bakuautomation.com\/en\/wp-json\/wp\/v2\/pages\/2845\/revisions\/3124"}],"wp:attachment":[{"href":"https:\/\/bakuautomation.com\/en\/wp-json\/wp\/v2\/media?parent=2845"}],"curies":[{"name":"wp","href":"https:\/\/api.w.org\/{rel}","templated":true}]}}