{"id":2852,"date":"2023-11-23T15:02:06","date_gmt":"2023-11-23T11:02:06","guid":{"rendered":"https:\/\/bakuautomation.com\/demo\/?page_id=2852"},"modified":"2023-12-18T23:58:16","modified_gmt":"2023-12-18T19:58:16","slug":"setem","status":"publish","type":"page","link":"https:\/\/bakuautomation.com\/en\/setem\/","title":{"rendered":"HSE"},"content":{"rendered":"<div data-elementor-type=\"wp-page\" data-elementor-id=\"2852\" class=\"elementor elementor-2852\" data-elementor-post-type=\"page\">\n\t\t\t\t<div class=\"elementor-element elementor-element-e21064a e-con-full e-flex wpr-particle-no wpr-jarallax-no wpr-parallax-no wpr-sticky-section-no e-con e-parent\" data-id=\"e21064a\" data-element_type=\"container\" data-e-type=\"container\" data-settings=\"{&quot;background_background&quot;:&quot;classic&quot;}\">\n\t\t\t\t<div class=\"elementor-element elementor-element-e9dd169 elementor-widget elementor-widget-heading\" data-id=\"e9dd169\" data-element_type=\"widget\" data-e-type=\"widget\" data-widget_type=\"heading.default\">\n\t\t\t\t<div class=\"elementor-widget-container\">\n\t\t\t\t\t<h2 class=\"elementor-heading-title elementor-size-default\">HSE<\/h2>\t\t\t\t<\/div>\n\t\t\t\t<\/div>\n\t\t\t\t<\/div>\n\t\t<div class=\"elementor-element elementor-element-5ad84eb e-flex e-con-boxed wpr-particle-no wpr-jarallax-no wpr-parallax-no wpr-sticky-section-no e-con e-parent\" data-id=\"5ad84eb\" data-element_type=\"container\" data-e-type=\"container\">\n\t\t\t\t\t<div class=\"e-con-inner\">\n\t\t\t\t<div class=\"elementor-element elementor-element-6ccfdbd elementor-widget elementor-widget-text-editor\" data-id=\"6ccfdbd\" data-element_type=\"widget\" data-e-type=\"widget\" data-widget_type=\"text-editor.default\">\n\t\t\t\t<div class=\"elementor-widget-container\">\n\t\t\t\t\t\t\t\t\t<div class=\"ornek\"><p>Samples of HSE Policies are provided on our company notice board for all individuals.<\/p><p>Our company implements its HSE policy in a clear and consistent manner in its operations, linking it to its policy towards its customers. This policy has been developed taking into account an understanding of the nature of our business in construction and related areas, while ensuring that the necessary level of safety, health and environmental protection is maintained.<\/p><p>The system is designed to manage and control the activities of employees in order to minimize risk and danger while performing their duties.<\/p><p>Health and environmental protection are the main objectives of our policies. Copies of these policies are available for general review at project sites, workgroup meetings and other operational areas.<\/p><p>The company's management fully and precisely complies with HSE requirements and has defined them as an obligation in various areas of activity of Baku Automation and Construction Group LLC.\u00a0<\/p><\/div>\t\t\t\t\t\t\t\t<\/div>\n\t\t\t\t<\/div>\n\t\t\t\t\t<\/div>\n\t\t\t\t<\/div>\n\t\t\t\t<\/div>","protected":false},"excerpt":{"rendered":"<p>S\u018fT\u018fM S\u018fT\u018fM Siyas\u0259tl\u0259rinin n\u00fcmun\u0259l\u0259ri b\u00fct\u00fcn \u015f\u0259xsl\u0259r \u00fc\u00e7\u00fcn bizim \u015firk\u0259tin m\u0259lumat l\u00f6vh\u0259sind\u0259 t\u0259min edilir. \u015eirk\u0259timiz \u00f6z f\u0259aliyy\u0259tind\u0259 S\u018fT\u018fM siyas\u0259tini d\u0259qiq v\u0259 davaml\u0131 sur\u0259td\u0259 h\u0259yata ke\u00e7ir\u0259r\u0259k, onu m\u00fc\u015ft\u0259ril\u0259rin\u0259 m\u00fcnasib\u0259td\u0259 y\u00fcr\u00fctd\u00fcy\u00fc siyas\u0259tl\u0259 \u0259laq\u0259l\u0259ndirir.&hellip;<\/p>","protected":false},"author":1,"featured_media":0,"parent":0,"menu_order":0,"comment_status":"closed","ping_status":"closed","template":"page-templates\/template-sinatra-fullwidth.php","meta":{"nf_dc_page":"","footnotes":""},"class_list":["post-2852","page","type-page","status-publish","hentry"],"yoast_head":"<!-- This site is optimized with the Yoast SEO plugin v27.2 - https:\/\/yoast.com\/product\/yoast-seo-wordpress\/ -->\n<title>S\u018fT\u018fM - BakuAutomation<\/title>\n<meta name=\"robots\" content=\"index, follow, max-snippet:-1, max-image-preview:large, max-video-preview:-1\" \/>\n<link rel=\"canonical\" href=\"https:\/\/bakuautomation.com\/en\/setem\/\" \/>\n<meta property=\"og:locale\" content=\"en_US\" \/>\n<meta property=\"og:type\" content=\"article\" \/>\n<meta property=\"og:title\" content=\"S\u018fT\u018fM - BakuAutomation\" \/>\n<meta property=\"og:description\" content=\"S\u018fT\u018fM S\u018fT\u018fM Siyas\u0259tl\u0259rinin n\u00fcmun\u0259l\u0259ri b\u00fct\u00fcn \u015f\u0259xsl\u0259r \u00fc\u00e7\u00fcn bizim \u015firk\u0259tin m\u0259lumat l\u00f6vh\u0259sind\u0259 t\u0259min edilir. \u015eirk\u0259timiz \u00f6z f\u0259aliyy\u0259tind\u0259 S\u018fT\u018fM siyas\u0259tini d\u0259qiq v\u0259 davaml\u0131 sur\u0259td\u0259 h\u0259yata ke\u00e7ir\u0259r\u0259k, onu m\u00fc\u015ft\u0259ril\u0259rin\u0259 m\u00fcnasib\u0259td\u0259 y\u00fcr\u00fctd\u00fcy\u00fc siyas\u0259tl\u0259 \u0259laq\u0259l\u0259ndirir.&hellip;\" \/>\n<meta property=\"og:url\" content=\"https:\/\/bakuautomation.com\/en\/setem\/\" \/>\n<meta property=\"og:site_name\" content=\"BakuAutomation\" \/>\n<meta property=\"article:modified_time\" content=\"2023-12-18T19:58:16+00:00\" \/>\n<meta name=\"twitter:card\" content=\"summary_large_image\" \/>\n<meta name=\"twitter:label1\" content=\"Est. reading time\" \/>\n\t<meta name=\"twitter:data1\" content=\"1 minute\" \/>\n<script type=\"application\/ld+json\" class=\"yoast-schema-graph\">{\"@context\":\"https:\/\/schema.org\",\"@graph\":[{\"@type\":\"WebPage\",\"@id\":\"https:\/\/bakuautomation.com\/setem\/\",\"url\":\"https:\/\/bakuautomation.com\/setem\/\",\"name\":\"S\u018fT\u018fM - BakuAutomation\",\"isPartOf\":{\"@id\":\"https:\/\/bakuautomation.com\/#website\"},\"datePublished\":\"2023-11-23T11:02:06+00:00\",\"dateModified\":\"2023-12-18T19:58:16+00:00\",\"breadcrumb\":{\"@id\":\"https:\/\/bakuautomation.com\/setem\/#breadcrumb\"},\"inLanguage\":\"en-US\",\"potentialAction\":[{\"@type\":\"ReadAction\",\"target\":[\"https:\/\/bakuautomation.com\/setem\/\"]}]},{\"@type\":\"BreadcrumbList\",\"@id\":\"https:\/\/bakuautomation.com\/setem\/#breadcrumb\",\"itemListElement\":[{\"@type\":\"ListItem\",\"position\":1,\"name\":\"Home\",\"item\":\"https:\/\/bakuautomation.com\/\"},{\"@type\":\"ListItem\",\"position\":2,\"name\":\"S\u018fT\u018fM\"}]},{\"@type\":\"WebSite\",\"@id\":\"https:\/\/bakuautomation.com\/#website\",\"url\":\"https:\/\/bakuautomation.com\/\",\"name\":\"BakuAutomation\",\"description\":\"Automation\",\"publisher\":{\"@id\":\"https:\/\/bakuautomation.com\/#organization\"},\"potentialAction\":[{\"@type\":\"SearchAction\",\"target\":{\"@type\":\"EntryPoint\",\"urlTemplate\":\"https:\/\/bakuautomation.com\/?s={search_term_string}\"},\"query-input\":{\"@type\":\"PropertyValueSpecification\",\"valueRequired\":true,\"valueName\":\"search_term_string\"}}],\"inLanguage\":\"en-US\"},{\"@type\":\"Organization\",\"@id\":\"https:\/\/bakuautomation.com\/#organization\",\"name\":\"BakuAutomation\",\"url\":\"https:\/\/bakuautomation.com\/\",\"logo\":{\"@type\":\"ImageObject\",\"inLanguage\":\"en-US\",\"@id\":\"https:\/\/bakuautomation.com\/#\/schema\/logo\/image\/\",\"url\":\"https:\/\/bakuautomation.com\/wp-content\/uploads\/2023\/12\/cropped-bakuauto-logo.png\",\"contentUrl\":\"https:\/\/bakuautomation.com\/wp-content\/uploads\/2023\/12\/cropped-bakuauto-logo.png\",\"width\":2866,\"height\":679,\"caption\":\"BakuAutomation\"},\"image\":{\"@id\":\"https:\/\/bakuautomation.com\/#\/schema\/logo\/image\/\"}}]}<\/script>\n<!-- \/ Yoast SEO plugin. -->","yoast_head_json":{"title":"S\u018fT\u018fM - BakuAutomation","robots":{"index":"index","follow":"follow","max-snippet":"max-snippet:-1","max-image-preview":"max-image-preview:large","max-video-preview":"max-video-preview:-1"},"canonical":"https:\/\/bakuautomation.com\/en\/setem\/","og_locale":"en_US","og_type":"article","og_title":"S\u018fT\u018fM - BakuAutomation","og_description":"S\u018fT\u018fM S\u018fT\u018fM Siyas\u0259tl\u0259rinin n\u00fcmun\u0259l\u0259ri b\u00fct\u00fcn \u015f\u0259xsl\u0259r \u00fc\u00e7\u00fcn bizim \u015firk\u0259tin m\u0259lumat l\u00f6vh\u0259sind\u0259 t\u0259min edilir. \u015eirk\u0259timiz \u00f6z f\u0259aliyy\u0259tind\u0259 S\u018fT\u018fM siyas\u0259tini d\u0259qiq v\u0259 davaml\u0131 sur\u0259td\u0259 h\u0259yata ke\u00e7ir\u0259r\u0259k, onu m\u00fc\u015ft\u0259ril\u0259rin\u0259 m\u00fcnasib\u0259td\u0259 y\u00fcr\u00fctd\u00fcy\u00fc siyas\u0259tl\u0259 \u0259laq\u0259l\u0259ndirir.&hellip;","og_url":"https:\/\/bakuautomation.com\/en\/setem\/","og_site_name":"BakuAutomation","article_modified_time":"2023-12-18T19:58:16+00:00","twitter_card":"summary_large_image","twitter_misc":{"Est. reading time":"1 minute"},"schema":{"@context":"https:\/\/schema.org","@graph":[{"@type":"WebPage","@id":"https:\/\/bakuautomation.com\/setem\/","url":"https:\/\/bakuautomation.com\/setem\/","name":"S\u018fT\u018fM - BakuAutomation","isPartOf":{"@id":"https:\/\/bakuautomation.com\/#website"},"datePublished":"2023-11-23T11:02:06+00:00","dateModified":"2023-12-18T19:58:16+00:00","breadcrumb":{"@id":"https:\/\/bakuautomation.com\/setem\/#breadcrumb"},"inLanguage":"en-US","potentialAction":[{"@type":"ReadAction","target":["https:\/\/bakuautomation.com\/setem\/"]}]},{"@type":"BreadcrumbList","@id":"https:\/\/bakuautomation.com\/setem\/#breadcrumb","itemListElement":[{"@type":"ListItem","position":1,"name":"Home","item":"https:\/\/bakuautomation.com\/"},{"@type":"ListItem","position":2,"name":"S\u018fT\u018fM"}]},{"@type":"WebSite","@id":"https:\/\/bakuautomation.com\/#website","url":"https:\/\/bakuautomation.com\/","name":"BakuAutomation","description":"Automation","publisher":{"@id":"https:\/\/bakuautomation.com\/#organization"},"potentialAction":[{"@type":"SearchAction","target":{"@type":"EntryPoint","urlTemplate":"https:\/\/bakuautomation.com\/?s={search_term_string}"},"query-input":{"@type":"PropertyValueSpecification","valueRequired":true,"valueName":"search_term_string"}}],"inLanguage":"en-US"},{"@type":"Organization","@id":"https:\/\/bakuautomation.com\/#organization","name":"BakuAutomation","url":"https:\/\/bakuautomation.com\/","logo":{"@type":"ImageObject","inLanguage":"en-US","@id":"https:\/\/bakuautomation.com\/#\/schema\/logo\/image\/","url":"https:\/\/bakuautomation.com\/wp-content\/uploads\/2023\/12\/cropped-bakuauto-logo.png","contentUrl":"https:\/\/bakuautomation.com\/wp-content\/uploads\/2023\/12\/cropped-bakuauto-logo.png","width":2866,"height":679,"caption":"BakuAutomation"},"image":{"@id":"https:\/\/bakuautomation.com\/#\/schema\/logo\/image\/"}}]}},"_links":{"self":[{"href":"https:\/\/bakuautomation.com\/en\/wp-json\/wp\/v2\/pages\/2852","targetHints":{"allow":["GET"]}}],"collection":[{"href":"https:\/\/bakuautomation.com\/en\/wp-json\/wp\/v2\/pages"}],"about":[{"href":"https:\/\/bakuautomation.com\/en\/wp-json\/wp\/v2\/types\/page"}],"author":[{"embeddable":true,"href":"https:\/\/bakuautomation.com\/en\/wp-json\/wp\/v2\/users\/1"}],"replies":[{"embeddable":true,"href":"https:\/\/bakuautomation.com\/en\/wp-json\/wp\/v2\/comments?post=2852"}],"version-history":[{"count":4,"href":"https:\/\/bakuautomation.com\/en\/wp-json\/wp\/v2\/pages\/2852\/revisions"}],"predecessor-version":[{"id":3146,"href":"https:\/\/bakuautomation.com\/en\/wp-json\/wp\/v2\/pages\/2852\/revisions\/3146"}],"wp:attachment":[{"href":"https:\/\/bakuautomation.com\/en\/wp-json\/wp\/v2\/media?parent=2852"}],"curies":[{"name":"wp","href":"https:\/\/api.w.org\/{rel}","templated":true}]}}