{"id":2854,"date":"2023-11-23T15:03:11","date_gmt":"2023-11-23T11:03:11","guid":{"rendered":"https:\/\/bakuautomation.com\/demo\/?page_id=2854"},"modified":"2026-04-14T14:21:35","modified_gmt":"2026-04-14T10:21:35","slug":"keyfiyy%c9%99tin-idar%c9%99edilm%c9%99si-sistemi","status":"publish","type":"page","link":"https:\/\/bakuautomation.com\/en\/keyfiyy%c9%99tin-idar%c9%99edilm%c9%99si-sistemi\/","title":{"rendered":"Quality Management System"},"content":{"rendered":"<div data-elementor-type=\"wp-page\" data-elementor-id=\"2854\" class=\"elementor elementor-2854\" data-elementor-post-type=\"page\">\n\t\t\t\t<div class=\"elementor-element elementor-element-9dce950 e-con-full e-flex wpr-particle-no wpr-jarallax-no wpr-parallax-no wpr-sticky-section-no e-con e-parent\" data-id=\"9dce950\" data-element_type=\"container\" data-e-type=\"container\" data-settings=\"{&quot;background_background&quot;:&quot;classic&quot;}\">\n\t\t\t\t<div class=\"elementor-element elementor-element-3bd3353 elementor-widget elementor-widget-heading\" data-id=\"3bd3353\" data-element_type=\"widget\" data-e-type=\"widget\" data-widget_type=\"heading.default\">\n\t\t\t\t<div class=\"elementor-widget-container\">\n\t\t\t\t\t<h2 class=\"elementor-heading-title elementor-size-default\">Quality Management System<\/h2>\t\t\t\t<\/div>\n\t\t\t\t<\/div>\n\t\t\t\t<\/div>\n\t\t<div class=\"elementor-element elementor-element-2413b23 e-flex e-con-boxed wpr-particle-no wpr-jarallax-no wpr-parallax-no wpr-sticky-section-no e-con e-parent\" data-id=\"2413b23\" data-element_type=\"container\" data-e-type=\"container\">\n\t\t\t\t\t<div class=\"e-con-inner\">\n\t\t\t\t<div class=\"elementor-element elementor-element-3070554 elementor-widget elementor-widget-text-editor\" data-id=\"3070554\" data-element_type=\"widget\" data-e-type=\"widget\" data-widget_type=\"text-editor.default\">\n\t\t\t\t<div class=\"elementor-widget-container\">\n\t\t\t\t\t\t\t\t\t<div class=\"keyfiyyet\"><p>Baku Automation and Construction Group has developed its QA\/QC policy based on ISO 9001 certification.<\/p><p>Quality control during the construction process is extremely important to protect the value of the entrepreneur's investment.<\/p><p>One of the key factors in a company's success in construction is its overall commitment to the effective implementation of a Quality Management System (QMS). Success in implementing a QMS is linked to the ability of company management to communicate to all staff the importance of ensuring high quality work through ongoing staff training and orientation programs.<\/p><p>For the effective implementation of the QMS, the company has a separate quality assurance team, which monitors the implementation of the system and audits the system in accordance with the annual audit plan and customer requirements.<\/p><p>Keyfiyy\u0259tin T\u0259min edilm\u0259si v\u0259 Keyfiyy\u0259t\u0259 N\u0259zar\u0259t \u015e\u00f6b\u0259si Tikinti, Mexaniki, Qaynaq, Boyama, \u00dczl\u0259m\u0259, Elektrik kimi b\u00fct\u00fcn sah\u0259l\u0259rd\u0259 t\u0259chizat\u00e7\u0131 v\u0259 layih\u0259 n\u0259zar\u0259tini h\u0259yata ke\u00e7irtm\u0259k \u00fc\u00e7\u00fcn m\u00fcxt\u0259lif komandalara malikdir.<\/p><\/div>\t\t\t\t\t\t\t\t<\/div>\n\t\t\t\t<\/div>\n\t\t\t\t\t<\/div>\n\t\t\t\t<\/div>\n\t\t\t\t<\/div>","protected":false},"excerpt":{"rendered":"<p>Keyfiyyetin \u0130dar\u0259edilm\u0259si Sistemi Baku Automation and Construction Group \u0130SO 9001 sertifikat\u0131na \u0259sas\u0259n \u00f6z QA\/QC siyas\u0259tini inki\u015faf etdirmi\u015fdir. Tikinti prosesi zaman\u0131 keyfiyy\u0259t\u0259 n\u0259zar\u0259t sahibkar\u0131n investisiya d\u0259y\u0259rini qorumaq \u00fc\u00e7\u00fcn son d\u0259r\u0259c\u0259 \u0259h\u0259miyy\u0259tlidir.&hellip;<\/p>","protected":false},"author":1,"featured_media":0,"parent":0,"menu_order":0,"comment_status":"closed","ping_status":"closed","template":"page-templates\/template-sinatra-fullwidth.php","meta":{"nf_dc_page":"","footnotes":""},"class_list":["post-2854","page","type-page","status-publish","hentry"],"yoast_head":"<!-- This site is optimized with the Yoast SEO plugin v27.2 - https:\/\/yoast.com\/product\/yoast-seo-wordpress\/ -->\n<title>Keyfiyy\u0259tin \u0130dar\u0259edilm\u0259si Sistemi - BakuAutomation<\/title>\n<meta name=\"robots\" content=\"index, follow, max-snippet:-1, max-image-preview:large, max-video-preview:-1\" \/>\n<link rel=\"canonical\" href=\"https:\/\/bakuautomation.com\/en\/keyfiyy\u0259tin-idar\u0259edilm\u0259si-sistemi\/\" \/>\n<meta property=\"og:locale\" content=\"en_US\" \/>\n<meta property=\"og:type\" content=\"article\" \/>\n<meta property=\"og:title\" content=\"Keyfiyy\u0259tin \u0130dar\u0259edilm\u0259si Sistemi - BakuAutomation\" \/>\n<meta property=\"og:description\" content=\"Keyfiyyetin \u0130dar\u0259edilm\u0259si Sistemi Baku Automation and Construction Group \u0130SO 9001 sertifikat\u0131na \u0259sas\u0259n \u00f6z QA\/QC siyas\u0259tini inki\u015faf etdirmi\u015fdir. Tikinti prosesi zaman\u0131 keyfiyy\u0259t\u0259 n\u0259zar\u0259t sahibkar\u0131n investisiya d\u0259y\u0259rini qorumaq \u00fc\u00e7\u00fcn son d\u0259r\u0259c\u0259 \u0259h\u0259miyy\u0259tlidir.&hellip;\" \/>\n<meta property=\"og:url\" content=\"https:\/\/bakuautomation.com\/en\/keyfiyy\u0259tin-idar\u0259edilm\u0259si-sistemi\/\" \/>\n<meta property=\"og:site_name\" content=\"BakuAutomation\" \/>\n<meta property=\"article:modified_time\" content=\"2026-04-14T10:21:35+00:00\" \/>\n<meta name=\"twitter:card\" content=\"summary_large_image\" \/>\n<meta name=\"twitter:label1\" content=\"Est. reading time\" \/>\n\t<meta name=\"twitter:data1\" content=\"1 minute\" \/>\n<script type=\"application\/ld+json\" class=\"yoast-schema-graph\">{\"@context\":\"https:\/\/schema.org\",\"@graph\":[{\"@type\":\"WebPage\",\"@id\":\"https:\/\/bakuautomation.com\/keyfiyy%c9%99tin-idar%c9%99edilm%c9%99si-sistemi\/\",\"url\":\"https:\/\/bakuautomation.com\/keyfiyy%c9%99tin-idar%c9%99edilm%c9%99si-sistemi\/\",\"name\":\"Keyfiyy\u0259tin \u0130dar\u0259edilm\u0259si Sistemi - BakuAutomation\",\"isPartOf\":{\"@id\":\"https:\/\/bakuautomation.com\/#website\"},\"datePublished\":\"2023-11-23T11:03:11+00:00\",\"dateModified\":\"2026-04-14T10:21:35+00:00\",\"breadcrumb\":{\"@id\":\"https:\/\/bakuautomation.com\/keyfiyy%c9%99tin-idar%c9%99edilm%c9%99si-sistemi\/#breadcrumb\"},\"inLanguage\":\"en-US\",\"potentialAction\":[{\"@type\":\"ReadAction\",\"target\":[\"https:\/\/bakuautomation.com\/keyfiyy%c9%99tin-idar%c9%99edilm%c9%99si-sistemi\/\"]}]},{\"@type\":\"BreadcrumbList\",\"@id\":\"https:\/\/bakuautomation.com\/keyfiyy%c9%99tin-idar%c9%99edilm%c9%99si-sistemi\/#breadcrumb\",\"itemListElement\":[{\"@type\":\"ListItem\",\"position\":1,\"name\":\"Home\",\"item\":\"https:\/\/bakuautomation.com\/\"},{\"@type\":\"ListItem\",\"position\":2,\"name\":\"Keyfiyy\u0259tin \u0130dar\u0259edilm\u0259si Sistemi\"}]},{\"@type\":\"WebSite\",\"@id\":\"https:\/\/bakuautomation.com\/#website\",\"url\":\"https:\/\/bakuautomation.com\/\",\"name\":\"BakuAutomation\",\"description\":\"Automation\",\"publisher\":{\"@id\":\"https:\/\/bakuautomation.com\/#organization\"},\"potentialAction\":[{\"@type\":\"SearchAction\",\"target\":{\"@type\":\"EntryPoint\",\"urlTemplate\":\"https:\/\/bakuautomation.com\/?s={search_term_string}\"},\"query-input\":{\"@type\":\"PropertyValueSpecification\",\"valueRequired\":true,\"valueName\":\"search_term_string\"}}],\"inLanguage\":\"en-US\"},{\"@type\":\"Organization\",\"@id\":\"https:\/\/bakuautomation.com\/#organization\",\"name\":\"BakuAutomation\",\"url\":\"https:\/\/bakuautomation.com\/\",\"logo\":{\"@type\":\"ImageObject\",\"inLanguage\":\"en-US\",\"@id\":\"https:\/\/bakuautomation.com\/#\/schema\/logo\/image\/\",\"url\":\"https:\/\/bakuautomation.com\/wp-content\/uploads\/2023\/12\/cropped-bakuauto-logo.png\",\"contentUrl\":\"https:\/\/bakuautomation.com\/wp-content\/uploads\/2023\/12\/cropped-bakuauto-logo.png\",\"width\":2866,\"height\":679,\"caption\":\"BakuAutomation\"},\"image\":{\"@id\":\"https:\/\/bakuautomation.com\/#\/schema\/logo\/image\/\"}}]}<\/script>\n<!-- \/ Yoast SEO plugin. -->","yoast_head_json":{"title":"Keyfiyy\u0259tin \u0130dar\u0259edilm\u0259si Sistemi - BakuAutomation","robots":{"index":"index","follow":"follow","max-snippet":"max-snippet:-1","max-image-preview":"max-image-preview:large","max-video-preview":"max-video-preview:-1"},"canonical":"https:\/\/bakuautomation.com\/en\/keyfiyy\u0259tin-idar\u0259edilm\u0259si-sistemi\/","og_locale":"en_US","og_type":"article","og_title":"Keyfiyy\u0259tin \u0130dar\u0259edilm\u0259si Sistemi - BakuAutomation","og_description":"Keyfiyyetin \u0130dar\u0259edilm\u0259si Sistemi Baku Automation and Construction Group \u0130SO 9001 sertifikat\u0131na \u0259sas\u0259n \u00f6z QA\/QC siyas\u0259tini inki\u015faf etdirmi\u015fdir. Tikinti prosesi zaman\u0131 keyfiyy\u0259t\u0259 n\u0259zar\u0259t sahibkar\u0131n investisiya d\u0259y\u0259rini qorumaq \u00fc\u00e7\u00fcn son d\u0259r\u0259c\u0259 \u0259h\u0259miyy\u0259tlidir.&hellip;","og_url":"https:\/\/bakuautomation.com\/en\/keyfiyy\u0259tin-idar\u0259edilm\u0259si-sistemi\/","og_site_name":"BakuAutomation","article_modified_time":"2026-04-14T10:21:35+00:00","twitter_card":"summary_large_image","twitter_misc":{"Est. reading time":"1 minute"},"schema":{"@context":"https:\/\/schema.org","@graph":[{"@type":"WebPage","@id":"https:\/\/bakuautomation.com\/keyfiyy%c9%99tin-idar%c9%99edilm%c9%99si-sistemi\/","url":"https:\/\/bakuautomation.com\/keyfiyy%c9%99tin-idar%c9%99edilm%c9%99si-sistemi\/","name":"Keyfiyy\u0259tin \u0130dar\u0259edilm\u0259si Sistemi - BakuAutomation","isPartOf":{"@id":"https:\/\/bakuautomation.com\/#website"},"datePublished":"2023-11-23T11:03:11+00:00","dateModified":"2026-04-14T10:21:35+00:00","breadcrumb":{"@id":"https:\/\/bakuautomation.com\/keyfiyy%c9%99tin-idar%c9%99edilm%c9%99si-sistemi\/#breadcrumb"},"inLanguage":"en-US","potentialAction":[{"@type":"ReadAction","target":["https:\/\/bakuautomation.com\/keyfiyy%c9%99tin-idar%c9%99edilm%c9%99si-sistemi\/"]}]},{"@type":"BreadcrumbList","@id":"https:\/\/bakuautomation.com\/keyfiyy%c9%99tin-idar%c9%99edilm%c9%99si-sistemi\/#breadcrumb","itemListElement":[{"@type":"ListItem","position":1,"name":"Home","item":"https:\/\/bakuautomation.com\/"},{"@type":"ListItem","position":2,"name":"Keyfiyy\u0259tin \u0130dar\u0259edilm\u0259si Sistemi"}]},{"@type":"WebSite","@id":"https:\/\/bakuautomation.com\/#website","url":"https:\/\/bakuautomation.com\/","name":"BakuAutomation","description":"Automation","publisher":{"@id":"https:\/\/bakuautomation.com\/#organization"},"potentialAction":[{"@type":"SearchAction","target":{"@type":"EntryPoint","urlTemplate":"https:\/\/bakuautomation.com\/?s={search_term_string}"},"query-input":{"@type":"PropertyValueSpecification","valueRequired":true,"valueName":"search_term_string"}}],"inLanguage":"en-US"},{"@type":"Organization","@id":"https:\/\/bakuautomation.com\/#organization","name":"BakuAutomation","url":"https:\/\/bakuautomation.com\/","logo":{"@type":"ImageObject","inLanguage":"en-US","@id":"https:\/\/bakuautomation.com\/#\/schema\/logo\/image\/","url":"https:\/\/bakuautomation.com\/wp-content\/uploads\/2023\/12\/cropped-bakuauto-logo.png","contentUrl":"https:\/\/bakuautomation.com\/wp-content\/uploads\/2023\/12\/cropped-bakuauto-logo.png","width":2866,"height":679,"caption":"BakuAutomation"},"image":{"@id":"https:\/\/bakuautomation.com\/#\/schema\/logo\/image\/"}}]}},"_links":{"self":[{"href":"https:\/\/bakuautomation.com\/en\/wp-json\/wp\/v2\/pages\/2854","targetHints":{"allow":["GET"]}}],"collection":[{"href":"https:\/\/bakuautomation.com\/en\/wp-json\/wp\/v2\/pages"}],"about":[{"href":"https:\/\/bakuautomation.com\/en\/wp-json\/wp\/v2\/types\/page"}],"author":[{"embeddable":true,"href":"https:\/\/bakuautomation.com\/en\/wp-json\/wp\/v2\/users\/1"}],"replies":[{"embeddable":true,"href":"https:\/\/bakuautomation.com\/en\/wp-json\/wp\/v2\/comments?post=2854"}],"version-history":[{"count":4,"href":"https:\/\/bakuautomation.com\/en\/wp-json\/wp\/v2\/pages\/2854\/revisions"}],"predecessor-version":[{"id":3150,"href":"https:\/\/bakuautomation.com\/en\/wp-json\/wp\/v2\/pages\/2854\/revisions\/3150"}],"wp:attachment":[{"href":"https:\/\/bakuautomation.com\/en\/wp-json\/wp\/v2\/media?parent=2854"}],"curies":[{"name":"wp","href":"https:\/\/api.w.org\/{rel}","templated":true}]}}