{"id":3429,"date":"2025-08-15T03:05:23","date_gmt":"2025-08-14T23:05:23","guid":{"rendered":"https:\/\/bakuautomation.com\/?page_id=3429"},"modified":"2025-08-15T03:16:59","modified_gmt":"2025-08-14T23:16:59","slug":"tikinti-texnikasinin-icar%c9%99si","status":"publish","type":"page","link":"https:\/\/bakuautomation.com\/en\/tikinti-texnikasinin-icar%c9%99si\/","title":{"rendered":"Construction equipment rental"},"content":{"rendered":"<div data-elementor-type=\"wp-page\" data-elementor-id=\"3429\" class=\"elementor elementor-3429\" data-elementor-post-type=\"page\">\n\t\t\t\t<div class=\"elementor-element elementor-element-6542446 e-con-full e-flex wpr-particle-no wpr-jarallax-no wpr-parallax-no wpr-sticky-section-no e-con e-parent\" data-id=\"6542446\" data-element_type=\"container\" data-e-type=\"container\" data-settings=\"{&quot;background_background&quot;:&quot;classic&quot;}\">\n\t\t\t\t<div class=\"elementor-element elementor-element-03f08ae elementor-widget elementor-widget-heading\" data-id=\"03f08ae\" data-element_type=\"widget\" data-e-type=\"widget\" data-widget_type=\"heading.default\">\n\t\t\t\t<div class=\"elementor-widget-container\">\n\t\t\t\t\t<h2 class=\"elementor-heading-title elementor-size-default\">Construction equipment rental<\/h2>\t\t\t\t<\/div>\n\t\t\t\t<\/div>\n\t\t\t\t<\/div>\n\t\t<div class=\"elementor-element elementor-element-023c57d e-flex e-con-boxed wpr-particle-no wpr-jarallax-no wpr-parallax-no wpr-sticky-section-no e-con e-parent\" data-id=\"023c57d\" data-element_type=\"container\" data-e-type=\"container\">\n\t\t\t\t\t<div class=\"e-con-inner\">\n\t\t\t\t<div class=\"elementor-element elementor-element-ec0ad22 elementor-widget elementor-widget-text-editor\" data-id=\"ec0ad22\" data-element_type=\"widget\" data-e-type=\"widget\" data-widget_type=\"text-editor.default\">\n\t\t\t\t<div class=\"elementor-widget-container\">\n\t\t\t\t\t\t\t\t\t<p data-start=\"60\" data-end=\"329\">Our company offers a wide range of construction equipment for rent to perform work of any complexity. Our fleet includes excavators, loaders, truck cranes, dump trucks, vibrating plates, compressors and other specialized equipment.<\/p><p data-start=\"331\" data-end=\"351\">We offer:<\/p><ul data-start=\"352\" data-end=\"556\"><li data-start=\"352\" data-end=\"397\"><p data-start=\"354\" data-end=\"397\">Modern and technically sound equipment.<\/p><\/li><li data-start=\"398\" data-end=\"459\"><p data-start=\"400\" data-end=\"459\">Flexible rental terms (hourly, daily, long-term).<\/p><\/li><li data-start=\"460\" data-end=\"505\"><p data-start=\"462\" data-end=\"505\">Professional operators with work experience.<\/p><\/li><li data-start=\"506\" data-end=\"556\"><p data-start=\"508\" data-end=\"556\">Delivery of equipment to the facility in a short time.<\/p><\/li><\/ul><p data-start=\"558\" data-end=\"679\">With us, you save time, reduce costs, and gain a reliable partner for your construction projects.<\/p>\t\t\t\t\t\t\t\t<\/div>\n\t\t\t\t<\/div>\n\t\t\t\t\t<\/div>\n\t\t\t\t<\/div>\n\t\t\t\t<\/div>","protected":false},"excerpt":{"rendered":"<p>Tikinti texnikas\u0131n\u0131n icar\u0259si \u015eirk\u0259timiz ist\u0259nil\u0259n m\u00fcr\u0259kk\u0259blikd\u0259 i\u015fl\u0259rin yerin\u0259 yetirilm\u0259si \u00fc\u00e7\u00fcn geni\u015f \u00e7e\u015fidd\u0259 tikinti texnikas\u0131n\u0131 icar\u0259y\u0259 t\u0259qdim edir. Park\u0131m\u0131zda ekskavatorlar, y\u00fckl\u0259yicil\u0259r, avtokranlar, \u00f6z\u00fcbo\u015faldan ma\u015f\u0131nlar, vibroplit\u0259l\u0259r, kompressorlar v\u0259 dig\u0259r ixtisasla\u015fm\u0131\u015f texnika m\u00f6vcuddur.&hellip;<\/p>","protected":false},"author":1,"featured_media":0,"parent":0,"menu_order":0,"comment_status":"closed","ping_status":"closed","template":"page-templates\/template-sinatra-fullwidth.php","meta":{"nf_dc_page":"","footnotes":""},"class_list":["post-3429","page","type-page","status-publish","hentry"],"yoast_head":"<!-- This site is optimized with the Yoast SEO plugin v27.2 - https:\/\/yoast.com\/product\/yoast-seo-wordpress\/ -->\n<title>Tikinti texnikas\u0131n\u0131n icar\u0259si - BakuAutomation<\/title>\n<meta name=\"robots\" content=\"index, follow, max-snippet:-1, max-image-preview:large, max-video-preview:-1\" \/>\n<link rel=\"canonical\" href=\"https:\/\/bakuautomation.com\/en\/tikinti-texnikasinin-icar\u0259si\/\" \/>\n<meta property=\"og:locale\" content=\"en_US\" \/>\n<meta property=\"og:type\" content=\"article\" \/>\n<meta property=\"og:title\" content=\"Tikinti texnikas\u0131n\u0131n icar\u0259si - BakuAutomation\" \/>\n<meta property=\"og:description\" content=\"Tikinti texnikas\u0131n\u0131n icar\u0259si \u015eirk\u0259timiz ist\u0259nil\u0259n m\u00fcr\u0259kk\u0259blikd\u0259 i\u015fl\u0259rin yerin\u0259 yetirilm\u0259si \u00fc\u00e7\u00fcn geni\u015f \u00e7e\u015fidd\u0259 tikinti texnikas\u0131n\u0131 icar\u0259y\u0259 t\u0259qdim edir. Park\u0131m\u0131zda ekskavatorlar, y\u00fckl\u0259yicil\u0259r, avtokranlar, \u00f6z\u00fcbo\u015faldan ma\u015f\u0131nlar, vibroplit\u0259l\u0259r, kompressorlar v\u0259 dig\u0259r ixtisasla\u015fm\u0131\u015f texnika m\u00f6vcuddur.&hellip;\" \/>\n<meta property=\"og:url\" content=\"https:\/\/bakuautomation.com\/en\/tikinti-texnikasinin-icar\u0259si\/\" \/>\n<meta property=\"og:site_name\" content=\"BakuAutomation\" \/>\n<meta property=\"article:modified_time\" content=\"2025-08-14T23:16:59+00:00\" \/>\n<meta name=\"twitter:card\" content=\"summary_large_image\" \/>\n<meta name=\"twitter:label1\" content=\"Est. reading time\" \/>\n\t<meta name=\"twitter:data1\" content=\"1 minute\" \/>\n<script type=\"application\/ld+json\" class=\"yoast-schema-graph\">{\"@context\":\"https:\/\/schema.org\",\"@graph\":[{\"@type\":\"WebPage\",\"@id\":\"https:\/\/bakuautomation.com\/tikinti-texnikasinin-icar%c9%99si\/\",\"url\":\"https:\/\/bakuautomation.com\/tikinti-texnikasinin-icar%c9%99si\/\",\"name\":\"Tikinti texnikas\u0131n\u0131n icar\u0259si - BakuAutomation\",\"isPartOf\":{\"@id\":\"https:\/\/bakuautomation.com\/#website\"},\"datePublished\":\"2025-08-14T23:05:23+00:00\",\"dateModified\":\"2025-08-14T23:16:59+00:00\",\"breadcrumb\":{\"@id\":\"https:\/\/bakuautomation.com\/tikinti-texnikasinin-icar%c9%99si\/#breadcrumb\"},\"inLanguage\":\"en-US\",\"potentialAction\":[{\"@type\":\"ReadAction\",\"target\":[\"https:\/\/bakuautomation.com\/tikinti-texnikasinin-icar%c9%99si\/\"]}]},{\"@type\":\"BreadcrumbList\",\"@id\":\"https:\/\/bakuautomation.com\/tikinti-texnikasinin-icar%c9%99si\/#breadcrumb\",\"itemListElement\":[{\"@type\":\"ListItem\",\"position\":1,\"name\":\"Home\",\"item\":\"https:\/\/bakuautomation.com\/\"},{\"@type\":\"ListItem\",\"position\":2,\"name\":\"Tikinti texnikas\u0131n\u0131n icar\u0259si\"}]},{\"@type\":\"WebSite\",\"@id\":\"https:\/\/bakuautomation.com\/#website\",\"url\":\"https:\/\/bakuautomation.com\/\",\"name\":\"BakuAutomation\",\"description\":\"Automation\",\"publisher\":{\"@id\":\"https:\/\/bakuautomation.com\/#organization\"},\"potentialAction\":[{\"@type\":\"SearchAction\",\"target\":{\"@type\":\"EntryPoint\",\"urlTemplate\":\"https:\/\/bakuautomation.com\/?s={search_term_string}\"},\"query-input\":{\"@type\":\"PropertyValueSpecification\",\"valueRequired\":true,\"valueName\":\"search_term_string\"}}],\"inLanguage\":\"en-US\"},{\"@type\":\"Organization\",\"@id\":\"https:\/\/bakuautomation.com\/#organization\",\"name\":\"BakuAutomation\",\"url\":\"https:\/\/bakuautomation.com\/\",\"logo\":{\"@type\":\"ImageObject\",\"inLanguage\":\"en-US\",\"@id\":\"https:\/\/bakuautomation.com\/#\/schema\/logo\/image\/\",\"url\":\"https:\/\/bakuautomation.com\/wp-content\/uploads\/2023\/12\/cropped-bakuauto-logo.png\",\"contentUrl\":\"https:\/\/bakuautomation.com\/wp-content\/uploads\/2023\/12\/cropped-bakuauto-logo.png\",\"width\":2866,\"height\":679,\"caption\":\"BakuAutomation\"},\"image\":{\"@id\":\"https:\/\/bakuautomation.com\/#\/schema\/logo\/image\/\"}}]}<\/script>\n<!-- \/ Yoast SEO plugin. -->","yoast_head_json":{"title":"Tikinti texnikas\u0131n\u0131n icar\u0259si - BakuAutomation","robots":{"index":"index","follow":"follow","max-snippet":"max-snippet:-1","max-image-preview":"max-image-preview:large","max-video-preview":"max-video-preview:-1"},"canonical":"https:\/\/bakuautomation.com\/en\/tikinti-texnikasinin-icar\u0259si\/","og_locale":"en_US","og_type":"article","og_title":"Tikinti texnikas\u0131n\u0131n icar\u0259si - BakuAutomation","og_description":"Tikinti texnikas\u0131n\u0131n icar\u0259si \u015eirk\u0259timiz ist\u0259nil\u0259n m\u00fcr\u0259kk\u0259blikd\u0259 i\u015fl\u0259rin yerin\u0259 yetirilm\u0259si \u00fc\u00e7\u00fcn geni\u015f \u00e7e\u015fidd\u0259 tikinti texnikas\u0131n\u0131 icar\u0259y\u0259 t\u0259qdim edir. Park\u0131m\u0131zda ekskavatorlar, y\u00fckl\u0259yicil\u0259r, avtokranlar, \u00f6z\u00fcbo\u015faldan ma\u015f\u0131nlar, vibroplit\u0259l\u0259r, kompressorlar v\u0259 dig\u0259r ixtisasla\u015fm\u0131\u015f texnika m\u00f6vcuddur.&hellip;","og_url":"https:\/\/bakuautomation.com\/en\/tikinti-texnikasinin-icar\u0259si\/","og_site_name":"BakuAutomation","article_modified_time":"2025-08-14T23:16:59+00:00","twitter_card":"summary_large_image","twitter_misc":{"Est. reading time":"1 minute"},"schema":{"@context":"https:\/\/schema.org","@graph":[{"@type":"WebPage","@id":"https:\/\/bakuautomation.com\/tikinti-texnikasinin-icar%c9%99si\/","url":"https:\/\/bakuautomation.com\/tikinti-texnikasinin-icar%c9%99si\/","name":"Tikinti texnikas\u0131n\u0131n icar\u0259si - BakuAutomation","isPartOf":{"@id":"https:\/\/bakuautomation.com\/#website"},"datePublished":"2025-08-14T23:05:23+00:00","dateModified":"2025-08-14T23:16:59+00:00","breadcrumb":{"@id":"https:\/\/bakuautomation.com\/tikinti-texnikasinin-icar%c9%99si\/#breadcrumb"},"inLanguage":"en-US","potentialAction":[{"@type":"ReadAction","target":["https:\/\/bakuautomation.com\/tikinti-texnikasinin-icar%c9%99si\/"]}]},{"@type":"BreadcrumbList","@id":"https:\/\/bakuautomation.com\/tikinti-texnikasinin-icar%c9%99si\/#breadcrumb","itemListElement":[{"@type":"ListItem","position":1,"name":"Home","item":"https:\/\/bakuautomation.com\/"},{"@type":"ListItem","position":2,"name":"Tikinti texnikas\u0131n\u0131n icar\u0259si"}]},{"@type":"WebSite","@id":"https:\/\/bakuautomation.com\/#website","url":"https:\/\/bakuautomation.com\/","name":"BakuAutomation","description":"Automation","publisher":{"@id":"https:\/\/bakuautomation.com\/#organization"},"potentialAction":[{"@type":"SearchAction","target":{"@type":"EntryPoint","urlTemplate":"https:\/\/bakuautomation.com\/?s={search_term_string}"},"query-input":{"@type":"PropertyValueSpecification","valueRequired":true,"valueName":"search_term_string"}}],"inLanguage":"en-US"},{"@type":"Organization","@id":"https:\/\/bakuautomation.com\/#organization","name":"BakuAutomation","url":"https:\/\/bakuautomation.com\/","logo":{"@type":"ImageObject","inLanguage":"en-US","@id":"https:\/\/bakuautomation.com\/#\/schema\/logo\/image\/","url":"https:\/\/bakuautomation.com\/wp-content\/uploads\/2023\/12\/cropped-bakuauto-logo.png","contentUrl":"https:\/\/bakuautomation.com\/wp-content\/uploads\/2023\/12\/cropped-bakuauto-logo.png","width":2866,"height":679,"caption":"BakuAutomation"},"image":{"@id":"https:\/\/bakuautomation.com\/#\/schema\/logo\/image\/"}}]}},"_links":{"self":[{"href":"https:\/\/bakuautomation.com\/en\/wp-json\/wp\/v2\/pages\/3429","targetHints":{"allow":["GET"]}}],"collection":[{"href":"https:\/\/bakuautomation.com\/en\/wp-json\/wp\/v2\/pages"}],"about":[{"href":"https:\/\/bakuautomation.com\/en\/wp-json\/wp\/v2\/types\/page"}],"author":[{"embeddable":true,"href":"https:\/\/bakuautomation.com\/en\/wp-json\/wp\/v2\/users\/1"}],"replies":[{"embeddable":true,"href":"https:\/\/bakuautomation.com\/en\/wp-json\/wp\/v2\/comments?post=3429"}],"version-history":[{"count":5,"href":"https:\/\/bakuautomation.com\/en\/wp-json\/wp\/v2\/pages\/3429\/revisions"}],"predecessor-version":[{"id":3436,"href":"https:\/\/bakuautomation.com\/en\/wp-json\/wp\/v2\/pages\/3429\/revisions\/3436"}],"wp:attachment":[{"href":"https:\/\/bakuautomation.com\/en\/wp-json\/wp\/v2\/media?parent=3429"}],"curies":[{"name":"wp","href":"https:\/\/api.w.org\/{rel}","templated":true}]}}